{"id":760,"date":"2022-05-02T19:01:54","date_gmt":"2022-05-02T17:01:54","guid":{"rendered":"https:\/\/cruillesdevida.entrepobles.org\/contexto\/"},"modified":"2023-03-20T18:16:16","modified_gmt":"2023-03-20T17:16:16","slug":"contexto","status":"publish","type":"page","link":"https:\/\/cruillesdevida.entrepobles.org\/es\/contexto\/","title":{"rendered":"Contexto"},"content":{"rendered":"\n<div class=\"wp-block-group alignfull has-gray-darker-background-color has-background is-layout-flow wp-block-group-is-layout-flow\">\n<div style=\"height:9rem\" aria-hidden=\"true\" class=\"wp-block-spacer\"><\/div>\n\n\n\n<div class=\"wp-block-group wrap is-layout-flow wp-block-group-is-layout-flow\">\n<h1 class=\"has-text-align-left has-sixth-color has-text-color has-gigantic-font-size wp-block-heading\">\u00bfQu\u00e9 entedemos por<br><span class=\"has-primary-color font-family-calligraphic font-weight-bold\">crisis<\/span> <span class=\"font-family-calligraphic font-weight-normal\">superpuestas?<\/span><\/h1>\n<\/div>\n\n\n\n<div style=\"height:3rem\" aria-hidden=\"true\" class=\"wp-block-spacer\"><\/div>\n<\/div>\n\n\n\n<div class=\"wp-block-group alignfull has-gray-darker-background-color has-background is-layout-flow wp-block-group-is-layout-flow\">\n<div style=\"height:6rem\" aria-hidden=\"true\" class=\"wp-block-spacer\"><\/div>\n\n\n\n<div class=\"wp-block-group narrow is-layout-flow wp-block-group-is-layout-flow\">\n<p class=\"has-sixth-color has-text-color\">Hace tiempo que hablamos de un contexto de crisis global que enmarca las relaciones Norte Global &#8211; Sur Global y que ahora est\u00e1 marcado por la crisis sanitaria y la crisis de cuidados.<\/p>\n\n\n\n<p class=\"has-sixth-color has-text-color\">La crisis sanitaria ha agravado la crisis global remarcando que: la crisis global se enmarca en una situaci\u00f3n de crisis multidimensionales y superpuestas que interact\u00faan entre s\u00ed, e implica a todos y las diversas y desiguales interacciones entre sus regiones.<\/p>\n\n\n\n<p class=\"has-sixth-color has-text-color\">Y el contexto actual ha acentuado la crisis de cuidados, a la que ha hecho su esencialidad en ambas regiones, acentuando el ascenso de un movimiento feminista &#8211; tanto en Am\u00e9rica Latina, como en nuestra casa -, con creciente influencia social y pol\u00edtica.<\/p>\n\n\n\n<p class=\"has-sixth-color has-text-color\">Adem\u00e1s, la emergencia clim\u00e1tica y ecol\u00f3gica tiene efectos diferenciados Norte-Sur basados en l\u00f3gicas extractivistas, de dominaci\u00f3n, explotaci\u00f3n y desposesi\u00f3n de bienes naturales. Esta realidad y asimetr\u00eda debe verse y afrontarse dentro de un sistema capitalista, patriarcal, racista y extractivista. <\/p>\n\n\n\n<p class=\"has-sixth-color has-text-color\">\u00a1Por ello<strong>, globalizamos alternativas feministas y climaticas!<\/strong><\/p>\n<\/div>\n\n\n\n<div style=\"height:6rem\" aria-hidden=\"true\" class=\"wp-block-spacer\"><\/div>\n<\/div>\n\n\n\n<div class=\"wp-block-group alignfull has-gray-darker-background-color has-background is-layout-flow wp-block-group-is-layout-flow\">\n<div class=\"wp-block-columns are-vertically-aligned-center wrap is-layout-flex wp-container-core-columns-is-layout-28f84493 wp-block-columns-is-layout-flex\">\n<div class=\"wp-block-column is-vertically-aligned-center is-layout-flow wp-block-column-is-layout-flow\">\n<h2 class=\"has-sixth-color has-text-color has-gigantic-font-size wp-block-heading\" style=\"line-height:.9\"><span class=\"font-family-serif\">crisis<\/span><br><span class=\"has-primary-color font-family-calligraphic font-weight-bold\">eco<\/span><span class=\"font-family-calligraphic font-weight-normal\">n\u00f3mica<\/span><\/h2>\n\n\n\n<p class=\"has-sixth-color has-text-color has-medium-font-size\">El sistema capitalista se basa en un crecimiento infinito, que no contempla l\u00edmites sociales ni planetarios. Mientras que pasada la Segunda Guerra Mundial, este sistema se nutri\u00f3 de la abundancia y explotaci\u00f3n de materias primas, procesos de industrializaci\u00f3n vinculados a anticipos en una supuesta eficiencia y la creaci\u00f3n de una sociedad del consumo exponencial, estas condiciones hoy en d\u00eda ni se dan, ni son deseables.<\/p>\n\n\n\n<p style=\"font-style:normal;font-weight:700;text-transform:uppercase\"><a href=\"https:\/\/cruillesdevida.entrepobles.org\/es\/contexto\/crisis-economica\/\" data-type=\"page\" data-id=\"241\">Leer m\u00e1s &gt;<\/a><\/p>\n\n\n\n<p><\/p>\n<\/div>\n\n\n\n<div class=\"wp-block-column is-vertically-aligned-center hide-mobile is-layout-flow wp-block-column-is-layout-flow\">\n<figure class=\"wp-block-image size-full is-resized aligncenter\"><img loading=\"lazy\" decoding=\"async\" src=\"https:\/\/cruillesdevida.entrepobles.org\/wp-content\/uploads\/2022\/06\/crisi-economica-00.png\" alt=\"\" class=\"wp-image-384\" width=\"450\" height=\"612\" srcset=\"https:\/\/cruillesdevida.entrepobles.org\/wp-content\/uploads\/2022\/06\/crisi-economica-00.png 1275w, https:\/\/cruillesdevida.entrepobles.org\/wp-content\/uploads\/2022\/06\/crisi-economica-00-794x1080.png 794w, https:\/\/cruillesdevida.entrepobles.org\/wp-content\/uploads\/2022\/06\/crisi-economica-00-768x1045.png 768w, https:\/\/cruillesdevida.entrepobles.org\/wp-content\/uploads\/2022\/06\/crisi-economica-00-1129x1536.png 1129w\" sizes=\"auto, (max-width: 450px) 100vw, 450px\" \/><\/figure>\n<\/div>\n<\/div>\n\n\n\n<div style=\"height:3rem\" aria-hidden=\"true\" class=\"wp-block-spacer\"><\/div>\n\n\n\n<div class=\"wp-block-group access-to-crisi-cures is-layout-flow wp-block-group-is-layout-flow\">\n<div class=\"wp-block-columns are-vertically-aligned-center wrap is-layout-flex wp-container-core-columns-is-layout-28f84493 wp-block-columns-is-layout-flex\">\n<div class=\"wp-block-column is-vertically-aligned-center hide-mobile is-layout-flow wp-block-column-is-layout-flow\"><\/div>\n\n\n\n<div class=\"wp-block-column is-vertically-aligned-center is-layout-flow wp-block-column-is-layout-flow\" style=\"padding-right:4.5vw\">\n<h2 class=\"has-text-align-right has-sixth-color has-text-color has-gigantic-font-size wp-block-heading\" style=\"line-height:.9\"><span class=\"font-family-serif text-crisi\">crisis<\/span><br><span class=\"font-family-calligraphic font-weight-normal\">de<\/span> <span class=\"has-secondary-color font-family-calligraphic font-weight-bold\">cuidados<\/span><\/h2>\n\n\n\n<p class=\"has-text-align-right has-sixth-color has-text-color has-medium-font-size\">Durante la pandemia sanitaria de la COVID-19 se ha evidenciado la gravedad de la crisis de los cuidados, ya se\u00f1alada por el movimiento feminista, que ha atravesado todos los aspectos de nuestra sociedad. Crisis fruto del desprecio de aquellas tareas fundamentales para el sostenimiento de la vida, pero no consideradas productivas, y agravado por una red comunitaria cada vez m\u00e1s d\u00e9bil y una falta de inversi\u00f3n en prestaciones p\u00fablicas por las pol\u00edticas de ahorro en el sector p\u00fablico.<\/p>\n\n\n\n<p class=\"has-text-align-right has-link-color wp-elements-94027b7786e1907cb7704012e3a08ed5\" style=\"font-style:normal;font-weight:700;text-transform:uppercase\"><a href=\"https:\/\/cruillesdevida.entrepobles.org\/es\/contexto\/crisis-de-cuidados\/\">Leer m\u00e1s &gt;<\/a><\/p>\n<\/div>\n<\/div>\n<\/div>\n\n\n\n<div style=\"height:3rem\" aria-hidden=\"true\" class=\"wp-block-spacer\"><\/div>\n\n\n\n<div class=\"wp-block-columns are-vertically-aligned-center wrap is-layout-flex wp-container-core-columns-is-layout-28f84493 wp-block-columns-is-layout-flex\">\n<div class=\"wp-block-column is-vertically-aligned-center is-layout-flow wp-block-column-is-layout-flow\">\n<h2 class=\"has-sixth-color has-text-color has-gigantic-font-size wp-block-heading\" style=\"line-height:.9\"><span class=\"font-family-serif\">crisis<\/span><br><span class=\"has-tertiary-color font-family-calligraphic font-weight-bold\">clim\u00e1<\/span><span class=\"font-family-calligraphic font-weight-normal\">tica<\/span><\/h2>\n\n\n\n<p class=\"has-sixth-color has-text-color has-medium-font-size\">El sistema capitalista provoca da\u00f1os constantes en el medio ambiente y en el sistema clim\u00e1tico, afectando tambi\u00e9n los derechos de las personas y la estabilidad del resto de especies que viven en el planeta.<\/p>\n\n\n\n<p class=\"has-link-color wp-elements-69b5ae208af1f6f5d39f286841743a63\" style=\"font-style:normal;font-weight:700;text-transform:uppercase\"><a href=\"https:\/\/cruillesdevida.entrepobles.org\/es\/contexto\/crisis-climatica\/\" data-type=\"page\" data-id=\"245\">Leer m\u00e1s &gt;<\/a><\/p>\n\n\n\n<p><\/p>\n<\/div>\n\n\n\n<div class=\"wp-block-column is-vertically-aligned-center hide-mobile is-layout-flow wp-block-column-is-layout-flow\">\n<figure class=\"wp-block-image size-large is-resized aligncenter\"><img loading=\"lazy\" decoding=\"async\" src=\"https:\/\/cruillesdevida.entrepobles.org\/wp-content\/uploads\/2022\/07\/crisi-climatica-02-476x1080.png\" alt=\"\" class=\"wp-image-674\" width=\"238\" height=\"540\" srcset=\"https:\/\/cruillesdevida.entrepobles.org\/wp-content\/uploads\/2022\/07\/crisi-climatica-02-476x1080.png 476w, https:\/\/cruillesdevida.entrepobles.org\/wp-content\/uploads\/2022\/07\/crisi-climatica-02-677x1536.png 677w, https:\/\/cruillesdevida.entrepobles.org\/wp-content\/uploads\/2022\/07\/crisi-climatica-02.png 748w\" sizes=\"auto, (max-width: 238px) 100vw, 238px\" \/><\/figure>\n<\/div>\n<\/div>\n\n\n\n<div style=\"height:3rem\" aria-hidden=\"true\" class=\"wp-block-spacer\"><\/div>\n\n\n\n<div class=\"wp-block-columns are-vertically-aligned-center wrap is-layout-flex wp-container-core-columns-is-layout-28f84493 wp-block-columns-is-layout-flex\">\n<div class=\"wp-block-column is-vertically-aligned-center hide-mobile is-layout-flow wp-block-column-is-layout-flow\">\n<figure class=\"wp-block-image size-full is-resized aligncenter\"><img loading=\"lazy\" decoding=\"async\" src=\"https:\/\/cruillesdevida.entrepobles.org\/wp-content\/uploads\/2022\/06\/crisis-energetica-00.png\" alt=\"\" class=\"wp-image-422\" width=\"250\" height=\"550\"\/><\/figure>\n<\/div>\n\n\n\n<div class=\"wp-block-column is-vertically-aligned-center is-layout-flow wp-block-column-is-layout-flow\" style=\"padding-right:4.5vw\">\n<h2 class=\"has-text-align-right has-sixth-color has-text-color has-gigantic-font-size wp-block-heading\" style=\"line-height:.9\"><span class=\"font-family-serif\">crisis<\/span><br><span class=\"has-fourth-color font-family-calligraphic font-weight-bold\">energ\u00e9<\/span><span class=\"font-family-calligraphic font-weight-normal\">tica<\/span><\/h2>\n\n\n\n<p class=\"has-text-align-right has-sixth-color has-text-color has-medium-font-size\">Los efectos de la escasez de recursos naturales, causados por la acci\u00f3n humana, son la falta de acceso a fuentes energ\u00e9ticas. Esta escasez se sufre tanto en Catalu\u00f1a, en el estado espa\u00f1ol, en Europa y en todas partes, pero sus efectos son m\u00e1s pu\u00f1etazos otra vez en el Sur Global, y especialmente en las \u00e1reas ricas en estos recursos naturales. <\/p>\n\n\n\n<p class=\"has-text-align-right has-link-color wp-elements-2a7749b932f62d539ea501160c332a15\" style=\"font-style:normal;font-weight:700;text-transform:uppercase\"><a href=\"https:\/\/cruillesdevida.entrepobles.org\/es\/contexto\/crisis-energetica\/\" data-type=\"page\" data-id=\"247\">Leer m\u00e1s &gt;<\/a><\/p>\n\n\n\n<p><\/p>\n<\/div>\n<\/div>\n\n\n\n<div style=\"height:3rem\" aria-hidden=\"true\" class=\"wp-block-spacer\"><\/div>\n<\/div>\n\n\n\n<div class=\"wp-block-group alignfull has-gray-darker-background-color has-background is-layout-flow wp-block-group-is-layout-flow\">\n<div style=\"height:6rem\" aria-hidden=\"true\" class=\"wp-block-spacer\"><\/div>\n\n\n\n<div class=\"wp-block-group wrap is-layout-flow wp-block-group-is-layout-flow\">\n<h2 class=\"has-sixth-color has-text-color has-gigantic-font-size wp-block-heading\"><strong>Alternativas<\/strong><\/h2>\n\n\n\n<div class=\"wp-block-columns are-vertically-aligned-bottom is-layout-flex wp-container-core-columns-is-layout-28f84493 wp-block-columns-is-layout-flex\">\n<div class=\"wp-block-column is-vertically-aligned-bottom is-layout-flow wp-block-column-is-layout-flow\">\n<figure class=\"wp-block-image size-full is-resized\"><img loading=\"lazy\" decoding=\"async\" src=\"https:\/\/cruillesdevida.entrepobles.org\/wp-content\/uploads\/2022\/07\/feminismes-02.png\" alt=\"\" class=\"wp-image-678\" width=\"350\" height=\"250\"\/><\/figure>\n\n\n\n<h2 class=\"has-text-align-center has-large-font-size wp-block-heading\" id=\"on-estem\"><a href=\"https:\/\/cruillesdevida.entrepobles.org\/es\/alternativa-es\/feminismos\/\" data-type=\"topic\" data-id=\"4\">Feminismos<\/a><\/h2>\n<\/div>\n\n\n\n<div class=\"wp-block-column is-vertically-aligned-bottom is-layout-flow wp-block-column-is-layout-flow\">\n<figure class=\"wp-block-image size-large is-resized\"><img loading=\"lazy\" decoding=\"async\" src=\"https:\/\/cruillesdevida.entrepobles.org\/wp-content\/uploads\/2022\/07\/justicia-climatica-02-1078x1080.png\" alt=\"\" class=\"wp-image-679\" width=\"270\" height=\"270\" srcset=\"https:\/\/cruillesdevida.entrepobles.org\/wp-content\/uploads\/2022\/07\/justicia-climatica-02-1078x1080.png 1078w, https:\/\/cruillesdevida.entrepobles.org\/wp-content\/uploads\/2022\/07\/justicia-climatica-02-300x300.png 300w, https:\/\/cruillesdevida.entrepobles.org\/wp-content\/uploads\/2022\/07\/justicia-climatica-02-768x769.png 768w, https:\/\/cruillesdevida.entrepobles.org\/wp-content\/uploads\/2022\/07\/justicia-climatica-02-1533x1536.png 1533w, https:\/\/cruillesdevida.entrepobles.org\/wp-content\/uploads\/2022\/07\/justicia-climatica-02.png 1814w\" sizes=\"auto, (max-width: 270px) 100vw, 270px\" \/><\/figure>\n\n\n\n<h2 class=\"has-text-align-center has-large-font-size wp-block-heading\" id=\"on-estem\"><a href=\"https:\/\/cruillesdevida.entrepobles.org\/es\/alternativa-es\/justicia-climatica-es\/\" data-type=\"topic\" data-id=\"3\">Justicia clim\u00e1tica<\/a><\/h2>\n<\/div>\n\n\n\n<div class=\"wp-block-column is-vertically-aligned-bottom is-layout-flow wp-block-column-is-layout-flow\">\n<figure class=\"wp-block-image size-large is-resized\"><img loading=\"lazy\" decoding=\"async\" src=\"https:\/\/cruillesdevida.entrepobles.org\/wp-content\/uploads\/2022\/07\/educacio-02-853x1080.png\" alt=\"\" class=\"wp-image-676\" width=\"213\" height=\"270\" srcset=\"https:\/\/cruillesdevida.entrepobles.org\/wp-content\/uploads\/2022\/07\/educacio-02-853x1080.png 853w, https:\/\/cruillesdevida.entrepobles.org\/wp-content\/uploads\/2022\/07\/educacio-02-768x972.png 768w, https:\/\/cruillesdevida.entrepobles.org\/wp-content\/uploads\/2022\/07\/educacio-02-1213x1536.png 1213w, https:\/\/cruillesdevida.entrepobles.org\/wp-content\/uploads\/2022\/07\/educacio-02.png 1575w\" sizes=\"auto, (max-width: 213px) 100vw, 213px\" \/><\/figure>\n\n\n\n<h2 class=\"has-text-align-center has-large-font-size wp-block-heading\" id=\"campanyes\"><a href=\"https:\/\/cruillesdevida.entrepobles.org\/es\/alternativa-es\/educacion\/\" data-type=\"topic\" data-id=\"8\">Educaci\u00f3n<\/a><\/h2>\n<\/div>\n<\/div>\n<\/div>\n\n\n\n<div style=\"height:6rem\" aria-hidden=\"true\" class=\"wp-block-spacer\"><\/div>\n<\/div>\n","protected":false},"excerpt":{"rendered":"<p>\u00bfQu\u00e9 entedemos porcrisis superpuestas? Hace tiempo que hablamos de un contexto de crisis global que enmarca las relaciones Norte Global &#8211; Sur Global y que ahora est\u00e1 marcado por la crisis sanitaria y la crisis de cuidados. La crisis sanitaria ha agravado la crisis global remarcando que: la crisis global se enmarca en una situaci\u00f3n [&hellip;]<\/p>\n","protected":false},"author":3,"featured_media":0,"parent":0,"menu_order":12,"comment_status":"closed","ping_status":"closed","template":"","meta":{"_genesis_hide_title":true,"_genesis_hide_breadcrumbs":false,"_genesis_hide_singular_image":false,"_genesis_hide_footer_widgets":false,"_genesis_custom_body_class":"","_genesis_custom_post_class":"","_genesis_layout":"","footnotes":""},"class_list":{"0":"post-760","1":"page","2":"type-page","3":"status-publish","5":"entry"},"acf":[],"_links":{"self":[{"href":"https:\/\/cruillesdevida.entrepobles.org\/es\/wp-json\/wp\/v2\/pages\/760","targetHints":{"allow":["GET"]}}],"collection":[{"href":"https:\/\/cruillesdevida.entrepobles.org\/es\/wp-json\/wp\/v2\/pages"}],"about":[{"href":"https:\/\/cruillesdevida.entrepobles.org\/es\/wp-json\/wp\/v2\/types\/page"}],"author":[{"embeddable":true,"href":"https:\/\/cruillesdevida.entrepobles.org\/es\/wp-json\/wp\/v2\/users\/3"}],"replies":[{"embeddable":true,"href":"https:\/\/cruillesdevida.entrepobles.org\/es\/wp-json\/wp\/v2\/comments?post=760"}],"version-history":[{"count":4,"href":"https:\/\/cruillesdevida.entrepobles.org\/es\/wp-json\/wp\/v2\/pages\/760\/revisions"}],"predecessor-version":[{"id":884,"href":"https:\/\/cruillesdevida.entrepobles.org\/es\/wp-json\/wp\/v2\/pages\/760\/revisions\/884"}],"wp:attachment":[{"href":"https:\/\/cruillesdevida.entrepobles.org\/es\/wp-json\/wp\/v2\/media?parent=760"}],"curies":[{"name":"wp","href":"https:\/\/api.w.org\/{rel}","templated":true}]}}