{"id":764,"date":"2022-05-02T18:56:58","date_gmt":"2022-05-02T16:56:58","guid":{"rendered":"https:\/\/cruillesdevida.entrepobles.org\/proyecto\/"},"modified":"2023-03-20T18:15:31","modified_gmt":"2023-03-20T17:15:31","slug":"proyecto","status":"publish","type":"page","link":"https:\/\/cruillesdevida.entrepobles.org\/es\/proyecto\/","title":{"rendered":"Proyecto"},"content":{"rendered":"\n<div class=\"wp-block-group alignfull is-layout-flow wp-block-group-is-layout-flow\">\n<div style=\"height:3rem\" aria-hidden=\"true\" class=\"wp-block-spacer\"><\/div>\n\n\n\n<h1 class=\"font-family-calligraphic wrap has-gigantic-font-size wp-block-heading\">proyecto<\/h1>\n\n\n\n<div style=\"height:3rem\" aria-hidden=\"true\" class=\"wp-block-spacer\"><\/div>\n<\/div>\n\n\n\n<p><strong>Globalizando alternativas feministas ante las crisis superpuestas y la emergencia clim\u00e1tica para la defensa de los Derechos Humanos.<\/strong><\/p>\n\n\n\n<p>El proyecto se focaliza en<strong> visibilizar las consecuencias de las crisis superpuestas<\/strong> y <strong>la emergencia clim\u00e1tica: <\/strong> <\/p>\n\n\n\n<ul class=\"wp-block-list\">\n<li><strong>Una producci\u00f3n y abastecimiento alimentario<\/strong> que contin\u00faa fundamentado en monocultivos de exportaci\u00f3n a miles de kil\u00f3metros<\/li>\n\n\n\n<li>Un boom de <strong>las econom\u00edas de plataforma transnacionales<\/strong> (relacionadas con vulneraciones m\u00faltiples de derechos) para el consumo, transporte y distribuci\u00f3n de mercanc\u00edas a domicilio en un mercado global. Este mercado se amplifica mientras al mismo tiempo hace invisible el trabajo y las cadenas de suministro a sur y norte<\/li>\n\n\n\n<li><strong>La crisis de cuidados<\/strong> y la <strong>transformaci\u00f3n del h\u00e1bitat<\/strong> y <strong>el medio urbano com un espaio-objecto del extractivismo<\/strong> y fuente de desigualdades sociales, de g\u00e9nero y de salud.<\/li>\n\n\n\n<li><strong>Una fuerte apuesta por la movilidad el\u00e9ctrica para responder a la emergencia clim\u00e1tica<\/strong> y la alta contaminaci\u00f3n del aire en las ciudades.<\/li>\n<\/ul>\n\n\n\n<h2 class=\"wp-block-heading\">Y ofrecer alternativas <\/h2>\n\n\n\n<p>Desde <a href=\"https:\/\/cruillesdevida.entrepobles.org\/es\/entrepueblos\/\" data-type=\"page\" data-id=\"9\">Entrepueblos<\/a> y <a href=\"https:\/\/cruillesdevida.entrepobles.org\/es\/odesc\/\" data-type=\"page\" data-id=\"18\">ODESC<\/a> queremos ofrecer alternativas pol\u00edticas, sociales, ecologistas y feministas a las cuatro vertientes m\u00e1s importantes de las crisis superpuestas: la crisis social, la crisis econ\u00f3mica, la crisis de los cuidados y la emergencia clim\u00e1tica. Apuntamos a tejer alianzas entre el Norte y Sur Global desde las interseccionalidades de los diversos \u00e1mbitos de las crisis para fortalecer las capacidades de respuesta de la ciudadan\u00eda desde la acci\u00f3n local y con perspectiva feminista.<\/p>\n\n\n\n<p>Promovemos una ciudadan\u00eda consciente, informada, cr\u00edtica, movilizada y responsable, local e internacionalmente ante las crisis superpuestas y sus vertientes, desde una perspectiva ecologista, feminista, de justicia social y defensa de los Derechos Humanos.<\/p>\n\n\n\n<p><strong>Queremos generar herramientas y espacios de reflexi\u00f3n<\/strong>, intercambio y acci\u00f3n en red de la ciudadan\u00eda organizada en Catalu\u00f1a, conectada con el Sur Global, para fortalecer la resiliencia social, incidir en la coherencia de las pol\u00edticas p\u00fablicas y construir alternativas en tiempos de crisis. <\/p>\n\n\n\n<div style=\"height:3rem\" aria-hidden=\"true\" class=\"wp-block-spacer\"><\/div>\n","protected":false},"excerpt":{"rendered":"<p>proyecto Globalizando alternativas feministas ante las crisis superpuestas y la emergencia clim\u00e1tica para la defensa de los Derechos Humanos. El proyecto se focaliza en visibilizar las consecuencias de las crisis superpuestas y la emergencia clim\u00e1tica: Y ofrecer alternativas Desde Entrepueblos y ODESC queremos ofrecer alternativas pol\u00edticas, sociales, ecologistas y feministas a las cuatro vertientes m\u00e1s [&hellip;]<\/p>\n","protected":false},"author":3,"featured_media":0,"parent":0,"menu_order":10,"comment_status":"closed","ping_status":"closed","template":"tpl_header-inverse.php","meta":{"_genesis_hide_title":true,"_genesis_hide_breadcrumbs":false,"_genesis_hide_singular_image":false,"_genesis_hide_footer_widgets":false,"_genesis_custom_body_class":"","_genesis_custom_post_class":"","_genesis_layout":"","footnotes":""},"class_list":{"0":"post-764","1":"page","2":"type-page","3":"status-publish","5":"entry"},"acf":[],"_links":{"self":[{"href":"https:\/\/cruillesdevida.entrepobles.org\/es\/wp-json\/wp\/v2\/pages\/764","targetHints":{"allow":["GET"]}}],"collection":[{"href":"https:\/\/cruillesdevida.entrepobles.org\/es\/wp-json\/wp\/v2\/pages"}],"about":[{"href":"https:\/\/cruillesdevida.entrepobles.org\/es\/wp-json\/wp\/v2\/types\/page"}],"author":[{"embeddable":true,"href":"https:\/\/cruillesdevida.entrepobles.org\/es\/wp-json\/wp\/v2\/users\/3"}],"replies":[{"embeddable":true,"href":"https:\/\/cruillesdevida.entrepobles.org\/es\/wp-json\/wp\/v2\/comments?post=764"}],"version-history":[{"count":2,"href":"https:\/\/cruillesdevida.entrepobles.org\/es\/wp-json\/wp\/v2\/pages\/764\/revisions"}],"predecessor-version":[{"id":883,"href":"https:\/\/cruillesdevida.entrepobles.org\/es\/wp-json\/wp\/v2\/pages\/764\/revisions\/883"}],"wp:attachment":[{"href":"https:\/\/cruillesdevida.entrepobles.org\/es\/wp-json\/wp\/v2\/media?parent=764"}],"curies":[{"name":"wp","href":"https:\/\/api.w.org\/{rel}","templated":true}]}}