{"id":777,"date":"2022-05-03T11:25:34","date_gmt":"2022-05-03T09:25:34","guid":{"rendered":"https:\/\/cruillesdevida.entrepobles.org\/politica-de-privacidad\/"},"modified":"2023-03-20T12:26:27","modified_gmt":"2023-03-20T11:26:27","slug":"politica-de-privacidad","status":"publish","type":"page","link":"https:\/\/cruillesdevida.entrepobles.org\/es\/politica-de-privacidad\/","title":{"rendered":"Pol\u00edtica de privacidad"},"content":{"rendered":"\n<h4 class=\"wp-block-heading\"><strong>\u00bfQui\u00e9n es el responsable del tratamiento de tus datos personales?<\/strong><\/h4>\n\n<p>El responsable es la <strong>Asociaci\u00f3n Entrepueblos\/Entrepobles\/Entrepobos\/Herriarte<\/strong> con domicilio social en la Avenida Meridiana, 30-32, esc B, entlo 2\u00aa, 08018 Barcelona.<\/p>\n\n<h4 class=\"wp-block-heading\"><strong>\u00bfQui\u00e9n es la persona Delegada de protecci\u00f3n de datos?<\/strong><\/h4>\n\n<p>Es la persona responsable que vela por el cumplimiento de la normativa de protecci\u00f3n de datos de car\u00e1cter personal, puedes contactar con esta persona Delegada de Protecci\u00f3n de Datos en la direcci\u00f3n postal de <strong>Entrepueblos\/Entrepobles\/Entrepobos\/Herriarte<\/strong>, o en la direcci\u00f3n electr\u00f3nica <a href=\"mailto:administracion@entrepueblos.org\">administracion@entrepueblos.org<\/a><\/p>\n\n<h4 class=\"wp-block-heading\"><strong>\u00bfC\u00f3mo hemos obtenido tus datos de car\u00e1cter personal?<\/strong><\/h4>\n\n<p>Tus datos de car\u00e1cter personal los hemos obtenido, en el caso de las personas asociadas, a trav\u00e9s del bolet\u00edn de suscripci\u00f3n que rellenaste y firmaste en su momento, y en el caso de las personas que est\u00e1is en nuestros maileings tem\u00e1ticos, porque en alguna de nuestras actividades nos hab\u00e9is facilitado vuestro email para recibir informaci\u00f3n y convocatorias de <strong>Entrepueblos\/Entrepobles\/Entrepobos\/Herriarte<\/strong>.<\/p>\n\n<h4 class=\"wp-block-heading\"><strong>\u00bfQu\u00e9 datos personales tratamos?<\/strong><\/h4>\n\n<p><strong>Entrepueblos\/Entrepobles\/Entrepobos\/Herriarte<\/strong> solo trata tus datos de car\u00e1cter personal si eres mayor de edad, en caso de ser menor de edad precisamos la autorizaci\u00f3n de la madre, padre o representante legal.<\/p>\n\n<p>Los datos que tratamos para las finalidades que m\u00e1s adelante se explican, son los siguientes:<\/p>\n\n<p>A) En el caso de las personas asociadas, los datos que figuran en el bolet\u00edn de asociaci\u00f3n:<\/p>\n\n<ul class=\"wp-block-list\"><li>Nombre<\/li><li>Apellidos<\/li><li>DNI<\/li><li>Edad<\/li><li>Idioma de preferencia<\/li><li>Profesi\u00f3n<\/li><li>E mail<\/li><li>Tel\u00e9fono<\/li><li>Direcci\u00f3n Postal<\/li><li>Aportaci\u00f3n econ\u00f3mica<\/li><\/ul>\n\n<p>B) En el caso de las personas que nos lo hayan facilitado voluntariamente en alguna de nuestras actividades o directamente, disponemos de su:<\/p>\n\n<ul class=\"wp-block-list\"><li>Nombre<\/li><li>Apellidos<\/li><li>E mail<\/li><\/ul>\n\n<p>Tambi\u00e9n te informamos que trataremos aquellos datos adicionales que voluntariamente nos facilites durante las futuras relaciones e interacciones que mantengas con la <strong>Entrepueblos\/Entrepobles\/Entrepobos\/Herriarte<\/strong>, incluidos los que nos aportes mediante una red social u otra aplicaci\u00f3n. Estos datos dependen de tu propia configuraci\u00f3n de privacidad, uso de la red social o aplicaci\u00f3n, as\u00ed como de las pol\u00edticas de privacidad propias de cada red social o aplicaci\u00f3n, por lo que te recomendamos leer las mismas con atenci\u00f3n antes de facilitarnos datos a trav\u00e9s de dichas redes sociales o aplicaciones.<\/p>\n\n<h4 class=\"wp-block-heading\"><strong>\u00bfPara qu\u00e9 tratamos tus datos personales?<\/strong><\/h4>\n\n<p>En cumplimiento de nuestra misi\u00f3n en nuestras actividades de informaci\u00f3n, comunicaci\u00f3n, educaci\u00f3n e incidencia de solidaridad internacional y transformaci\u00f3n social, tratamos los datos de nuestros socios\/as, donantes y activistas para las siguientes finalidades:<\/p>\n\n<p>A) En el caso de las personas asociadas:<\/p>\n\n<ul class=\"wp-block-list\"><li>Enviar informaci\u00f3n de <strong>Entrepueblos\/Entrepobles\/Entrepobos\/Herriarte<\/strong> v\u00eda correo postal, email.<\/li><li>Convocatorias de nuestras asambleas anuales.<\/li><li>Informar sobre actualizaciones de las cuotas, gestionar las desgravaciones fiscales. Env\u00edo de nuestra revista, nuestra memoria anual y otros tipos de participaci\u00f3n (firmar campa\u00f1as, etc.).<\/li><\/ul>\n\n<p>B) Tanto en el caso de las personas asociadas como en el caso de quienes nos han facilitado su email<\/p>\n\n<ul class=\"wp-block-list\"><li>Informar sobre actividades, campa\u00f1as o iniciativas e invitar a actividades que organice o en las que participe <strong>Entrepueblos\/Entrepobles\/Entrepobos\/Herriarte<\/strong>.<\/li><\/ul>\n\n<h4 class=\"wp-block-heading\"><strong>\u00bfPor qu\u00e9 motivo podemos tratar tus datos personales?<\/strong><\/h4>\n\n<p>El tratamiento de tus datos personales relacionado con el mantenimiento de su relaci\u00f3n con la nuestra organizaci\u00f3n como socio\/a o activista, est\u00e1 legitimado al resultar necesario para dar cumplimiento a las obligaciones derivadas de dicha relaci\u00f3n.<\/p>\n\n<p>El tratamiento de tus datos personales para el env\u00edo de informaci\u00f3n sobre actividades, campa\u00f1as o iniciativas de la <strong>Entrepueblos\/Entrepobles\/Entrepobos\/Herriarte<\/strong>, responde a un inter\u00e9s leg\u00edtimo de nuestra entidad y est\u00e1 autorizado por la normativa vigente.<\/p>\n\n<h4 class=\"wp-block-heading\"><strong>\u00bfCu\u00e1ndo y por qu\u00e9 motivo podemos facilitar tus datos a terceros?<\/strong><\/h4>\n\n<p>Tus datos podr\u00e1n ser cedidos a los destinatarios que se indican a continuaci\u00f3n, por los motivos que a continuaci\u00f3n se explican:<\/p>\n\n<ul class=\"wp-block-list\"><li>Administraciones P\u00fablicas: para el cumplimiento de las obligaciones legales y fiscales a las que <strong>Entrepueblos\/Entrepobles\/Entrepobos\/Herriarte<\/strong> est\u00e1 sujeta por su actividad.<\/li><li>Para los env\u00edos de revistas y las memorias anuales a las personas asociadas.<\/li><li>Entidades bancarias para el cobro de las cuotas de socios\/as.<\/li><\/ul>\n\n<p>Para m\u00e1s informaci\u00f3n sobre las garant\u00edas a su privacidad, pod\u00e9is dirigiros a la persona Delegada de Protecci\u00f3n de Datos, a trav\u00e9s de las direcciones postal y electr\u00f3nica indicadas.<\/p>\n\n<h4 class=\"wp-block-heading\"><strong>\u00bfDurante cu\u00e1nto tiempo guardaremos sus datos?<\/strong><\/h4>\n\n<p>Tus datos personales se conservar\u00e1n mientras se mantenga su relaci\u00f3n con <strong>Entrepueblos\/Entrepobles\/Entrepobos\/Herriarte<\/strong> y, tras la finalizaci\u00f3n, durante los plazos de prescripci\u00f3n legales que sean de aplicaci\u00f3n. En este supuesto, se tratar\u00e1n a los solos efectos de acreditar el cumplimiento de nuestras obligaciones legales o contractuales. Finalizados dichos plazos de prescripci\u00f3n, sus datos ser\u00e1n eliminados o, alternativamente, anonimizados.<\/p>\n\n<h4 class=\"wp-block-heading\"><strong>\u00bfCu\u00e1les son tus derechos?<\/strong><\/h4>\n\n<p>Puedes ejercitar tus derechos de acceso, rectificaci\u00f3n, supresi\u00f3n y portabilidad, limitaci\u00f3n y\/u oposici\u00f3n al tratamiento, a trav\u00e9s de las direcciones postal y electr\u00f3nica indicadas.<\/p>\n\n<p>Asimismo, si consideras que el tratamiento de sus datos personales vulnera la normativa o sus derechos de privacidad, puedes presentar una reclamaci\u00f3n:<\/p>\n\n<ul class=\"wp-block-list\"><li>A nuestra persona Delegada de Protecci\u00f3n de Datos, a trav\u00e9s de las direcciones postal y electr\u00f3nica indicadas.<\/li><\/ul>\n\n<p>Ante la Agencia Espa\u00f1ola de Protecci\u00f3n de Datos, a trav\u00e9s de su sede electr\u00f3nica, o de su direcci\u00f3n postal.<\/p>\n","protected":false},"excerpt":{"rendered":"<p>\u00bfQui\u00e9n es el responsable del tratamiento de tus datos personales? El responsable es la Asociaci\u00f3n Entrepueblos\/Entrepobles\/Entrepobos\/Herriarte con domicilio social en la Avenida Meridiana, 30-32, esc B, entlo 2\u00aa, 08018 Barcelona. \u00bfQui\u00e9n es la persona Delegada de protecci\u00f3n de datos? Es la persona responsable que vela por el cumplimiento de la normativa de protecci\u00f3n de datos [&hellip;]<\/p>\n","protected":false},"author":3,"featured_media":0,"parent":0,"menu_order":100,"comment_status":"closed","ping_status":"closed","template":"","meta":{"_genesis_hide_title":false,"_genesis_hide_breadcrumbs":false,"_genesis_hide_singular_image":false,"_genesis_hide_footer_widgets":false,"_genesis_custom_body_class":"","_genesis_custom_post_class":"","_genesis_layout":"","footnotes":""},"class_list":{"0":"post-777","1":"page","2":"type-page","3":"status-publish","5":"entry"},"acf":[],"_links":{"self":[{"href":"https:\/\/cruillesdevida.entrepobles.org\/es\/wp-json\/wp\/v2\/pages\/777","targetHints":{"allow":["GET"]}}],"collection":[{"href":"https:\/\/cruillesdevida.entrepobles.org\/es\/wp-json\/wp\/v2\/pages"}],"about":[{"href":"https:\/\/cruillesdevida.entrepobles.org\/es\/wp-json\/wp\/v2\/types\/page"}],"author":[{"embeddable":true,"href":"https:\/\/cruillesdevida.entrepobles.org\/es\/wp-json\/wp\/v2\/users\/3"}],"replies":[{"embeddable":true,"href":"https:\/\/cruillesdevida.entrepobles.org\/es\/wp-json\/wp\/v2\/comments?post=777"}],"version-history":[{"count":3,"href":"https:\/\/cruillesdevida.entrepobles.org\/es\/wp-json\/wp\/v2\/pages\/777\/revisions"}],"predecessor-version":[{"id":780,"href":"https:\/\/cruillesdevida.entrepobles.org\/es\/wp-json\/wp\/v2\/pages\/777\/revisions\/780"}],"wp:attachment":[{"href":"https:\/\/cruillesdevida.entrepobles.org\/es\/wp-json\/wp\/v2\/media?parent=777"}],"curies":[{"name":"wp","href":"https:\/\/api.w.org\/{rel}","templated":true}]}}