{"id":781,"date":"2022-06-21T18:48:22","date_gmt":"2022-06-21T16:48:22","guid":{"rendered":"https:\/\/cruillesdevida.entrepobles.org\/contexto\/crisis-economica\/"},"modified":"2023-03-20T18:17:28","modified_gmt":"2023-03-20T17:17:28","slug":"crisis-economica","status":"publish","type":"page","link":"https:\/\/cruillesdevida.entrepobles.org\/es\/contexto\/crisis-economica\/","title":{"rendered":"Crisis econ\u00f3mica"},"content":{"rendered":"\n<div class=\"wp-block-group alignfull has-gray-darker-background-color has-background is-layout-flow wp-block-group-is-layout-flow\">\n<div style=\"height:3rem\" aria-hidden=\"true\" class=\"wp-block-spacer\"><\/div>\n\n\n\n<div class=\"wp-block-columns are-vertically-aligned-center wrap is-layout-flex wp-container-core-columns-is-layout-28f84493 wp-block-columns-is-layout-flex\">\n<div class=\"wp-block-column is-vertically-aligned-center is-layout-flow wp-block-column-is-layout-flow\" style=\"padding-right:3vw\">\n<h1 class=\"has-sixth-color has-text-color has-gigantic-font-size wp-block-heading\" style=\"line-height:.9\">crisis<br><span class=\"has-primary-color font-family-calligraphic font-weight-bold\">eco<\/span><span class=\"font-family-calligraphic font-weight-normal\">n\u00f3mica<\/span><\/h1>\n\n\n\n<p class=\"has-sixth-color has-text-color\">El sistema capitalista se basa en un crecimiento infinito, que no contempla l\u00edmites sociales ni planetarios. Mientras que pasada la Segunda Guerra Mundial, este sistema se nutri\u00f3 de la abundancia y explotaci\u00f3n de materias primas, procesos de industrializaci\u00f3n vinculados a anticipos en una supuesta eficiencia y la creaci\u00f3n de una sociedad del consumo exponencial, estas condiciones hoy en d\u00eda ni se dan, ni son deseables.<\/p>\n\n\n\n<p class=\"has-sixth-color has-text-color\">Los recursos naturales son finitos, la eficiencia una falacia, y al capital le cuesta cada vez m\u00e1s encontrar nuevos mercados y crear nuevas necesidades. Lo que hoy en d\u00eda conocemos como crisis econ\u00f3micas son s\u00f3lo uno de los s\u00edntomas de la incapacidad del sistema capitalista de sostenerse, son el recordatorio c\u00edclico de que no se puede crecer para siempre.<\/p>\n\n\n\n<p class=\"has-sixth-color has-text-color\">Y por cada crisis econ\u00f3mica, sufrimos retrocesos multidimensionales. Pues en los momentos de \u00abvacas magras\u00bb se crean contextos perfectos para privatizar servicios p\u00fablicos y bienes comunes, para vulnerar y aminorar derechos humanos, extrayendo y consumiendo m\u00e1s recursos y consolidando din\u00e1micas patriarcales y de dependencia Norte-Sur. Las crisis no son hechos aislados, sino que son recurrentes, forman parte de la l\u00f3gica capitalista y sirven para consolidar el sistema. Es, por tanto, vital que no hablemos s\u00f3lo de crisis econ\u00f3micas, sino que entendamos que son muchas y que tienen su origen en el sistema capitalista, patriarcal, colonial y racista.<\/p>\n<\/div>\n\n\n\n<div class=\"wp-block-column is-vertically-aligned-center is-layout-flow wp-block-column-is-layout-flow\">\n<figure class=\"wp-block-image size-full is-resized\"><img loading=\"lazy\" decoding=\"async\" src=\"https:\/\/cruillesdevida.entrepobles.org\/wp-content\/uploads\/2022\/06\/crisi-economica-00.png\" alt=\"\" class=\"wp-image-384\" width=\"638\" height=\"868\" srcset=\"https:\/\/cruillesdevida.entrepobles.org\/wp-content\/uploads\/2022\/06\/crisi-economica-00.png 1275w, https:\/\/cruillesdevida.entrepobles.org\/wp-content\/uploads\/2022\/06\/crisi-economica-00-794x1080.png 794w, https:\/\/cruillesdevida.entrepobles.org\/wp-content\/uploads\/2022\/06\/crisi-economica-00-768x1045.png 768w, https:\/\/cruillesdevida.entrepobles.org\/wp-content\/uploads\/2022\/06\/crisi-economica-00-1129x1536.png 1129w\" sizes=\"auto, (max-width: 638px) 100vw, 638px\" \/><\/figure>\n<\/div>\n<\/div>\n\n\n\n<div style=\"height:3rem\" aria-hidden=\"true\" class=\"wp-block-spacer\"><\/div>\n<\/div>\n","protected":false},"excerpt":{"rendered":"<p>crisisecon\u00f3mica El sistema capitalista se basa en un crecimiento infinito, que no contempla l\u00edmites sociales ni planetarios. Mientras que pasada la Segunda Guerra Mundial, este sistema se nutri\u00f3 de la abundancia y explotaci\u00f3n de materias primas, procesos de industrializaci\u00f3n vinculados a anticipos en una supuesta eficiencia y la creaci\u00f3n de una sociedad del consumo exponencial, [&hellip;]<\/p>\n","protected":false},"author":3,"featured_media":0,"parent":760,"menu_order":0,"comment_status":"closed","ping_status":"closed","template":"","meta":{"_genesis_hide_title":true,"_genesis_hide_breadcrumbs":false,"_genesis_hide_singular_image":false,"_genesis_hide_footer_widgets":false,"_genesis_custom_body_class":"","_genesis_custom_post_class":"","_genesis_layout":"","footnotes":""},"class_list":{"0":"post-781","1":"page","2":"type-page","3":"status-publish","5":"entry","6":"has-post-thumbnail"},"acf":[],"_links":{"self":[{"href":"https:\/\/cruillesdevida.entrepobles.org\/es\/wp-json\/wp\/v2\/pages\/781","targetHints":{"allow":["GET"]}}],"collection":[{"href":"https:\/\/cruillesdevida.entrepobles.org\/es\/wp-json\/wp\/v2\/pages"}],"about":[{"href":"https:\/\/cruillesdevida.entrepobles.org\/es\/wp-json\/wp\/v2\/types\/page"}],"author":[{"embeddable":true,"href":"https:\/\/cruillesdevida.entrepobles.org\/es\/wp-json\/wp\/v2\/users\/3"}],"replies":[{"embeddable":true,"href":"https:\/\/cruillesdevida.entrepobles.org\/es\/wp-json\/wp\/v2\/comments?post=781"}],"version-history":[{"count":2,"href":"https:\/\/cruillesdevida.entrepobles.org\/es\/wp-json\/wp\/v2\/pages\/781\/revisions"}],"predecessor-version":[{"id":887,"href":"https:\/\/cruillesdevida.entrepobles.org\/es\/wp-json\/wp\/v2\/pages\/781\/revisions\/887"}],"up":[{"embeddable":true,"href":"https:\/\/cruillesdevida.entrepobles.org\/es\/wp-json\/wp\/v2\/pages\/760"}],"wp:attachment":[{"href":"https:\/\/cruillesdevida.entrepobles.org\/es\/wp-json\/wp\/v2\/media?parent=781"}],"curies":[{"name":"wp","href":"https:\/\/api.w.org\/{rel}","templated":true}]}}