{"id":783,"date":"2022-06-21T18:48:49","date_gmt":"2022-06-21T16:48:49","guid":{"rendered":"https:\/\/cruillesdevida.entrepobles.org\/contexto\/crisis-de-cuidados\/"},"modified":"2023-03-20T18:17:07","modified_gmt":"2023-03-20T17:17:07","slug":"crisis-de-cuidados","status":"publish","type":"page","link":"https:\/\/cruillesdevida.entrepobles.org\/es\/contexto\/crisis-de-cuidados\/","title":{"rendered":"Crisis de cuidados"},"content":{"rendered":"\n<div class=\"wp-block-group alignfull has-gray-darker-background-color has-background is-layout-flow wp-block-group-is-layout-flow\">\n<div style=\"height:3rem\" aria-hidden=\"true\" class=\"wp-block-spacer\"><\/div>\n\n\n\n<div class=\"wp-block-columns are-vertically-aligned-center wrap is-layout-flex wp-container-core-columns-is-layout-28f84493 wp-block-columns-is-layout-flex\">\n<div class=\"wp-block-column is-vertically-aligned-center is-layout-flow wp-block-column-is-layout-flow\" style=\"padding-right:3vw\">\n<h1 class=\"has-sixth-color has-text-color has-gigantic-font-size wp-block-heading\" style=\"line-height:.9\">crisis<br><span class=\"font-family-calligraphic font-weight-normal\">de<\/span> <span class=\"has-secondary-color font-family-calligraphic font-weight-bold\">cuidados<\/span><\/h1>\n\n\n\n<p class=\"has-sixth-color has-text-color\">Durante la pandemia sanitaria de la COVID-19 se ha evidenciado la gravedad de la crisis de los cuidados, ya se\u00f1alada por el movimiento feminista, que ha atravesado todos los aspectos de nuestra sociedad. Crisis fruto del desprecio de aquellas tareas fundamentales para el sostenimiento de la vida, pero no consideradas productivas, y agravado por una red comunitaria cada vez m\u00e1s d\u00e9bil y una falta de inversi\u00f3n en prestaciones p\u00fablicas por las pol\u00edticas de ahorro en el sector p\u00fablico.<\/p>\n\n\n\n<p class=\"has-sixth-color has-text-color\">\u00abLas mujeres sostenemos el mundo\u00bb, entre varias generaciones, lugares de procedencia, vecinas y amigas, de una manera comunitaria, \u00bfPero en qu\u00e9 condiciones? \u00bfC\u00f3mo afecta a nuestros proyectos vitales y bienestares? \u00bfY a los de la sociedad?<\/p>\n\n\n\n<p class=\"has-sixth-color has-text-color\">Ha supuesto una sobrecarga en las mujeres de las familias, y una mayor precarizaci\u00f3n de aquellas mujeres, mayormente racializadas, que han asumido laboralmente la realizaci\u00f3n de los cuidados, dejando a sus propias familias atendidas por otras mujeres en los pa\u00edses de origen como \u00fanica manera de supervivencia, y que con la pandemia han sufrido una falta extrema de derechos. La crisis de los cuidados ha adoptado una dimensi\u00f3n multidimensional y transnacional, gener\u00e1ndose la <em>Crisis global de los cuidados<\/em>.<\/p>\n\n\n\n<p class=\"has-sixth-color has-text-color\">Tenemos que transformar nuestro modelo socioecon\u00f3mico y poner la sostenibilidad de la vida como eje vertebrador y en el centro de la agenda p\u00fablica, como una responsabilidad compartida por todos los agentes sociales, caminamos entre todas hacia la <em>ciudadania<\/em>.<\/p>\n<\/div>\n\n\n\n<div class=\"wp-block-column is-vertically-aligned-center is-layout-flow wp-block-column-is-layout-flow\">\n<figure class=\"wp-block-image size-full\"><img loading=\"lazy\" decoding=\"async\" width=\"798\" height=\"1277\" src=\"https:\/\/cruillesdevida.entrepobles.org\/wp-content\/uploads\/2022\/06\/crisis-cures-00-edited.png\" alt=\"\" class=\"wp-image-419\" srcset=\"https:\/\/cruillesdevida.entrepobles.org\/wp-content\/uploads\/2022\/06\/crisis-cures-00-edited.png 798w, https:\/\/cruillesdevida.entrepobles.org\/wp-content\/uploads\/2022\/06\/crisis-cures-00-edited-675x1080.png 675w, https:\/\/cruillesdevida.entrepobles.org\/wp-content\/uploads\/2022\/06\/crisis-cures-00-edited-768x1229.png 768w\" sizes=\"auto, (max-width: 798px) 100vw, 798px\" \/><\/figure>\n<\/div>\n<\/div>\n\n\n\n<div style=\"height:3rem\" aria-hidden=\"true\" class=\"wp-block-spacer\"><\/div>\n<\/div>\n","protected":false},"excerpt":{"rendered":"<p>crisisde cuidados Durante la pandemia sanitaria de la COVID-19 se ha evidenciado la gravedad de la crisis de los cuidados, ya se\u00f1alada por el movimiento feminista, que ha atravesado todos los aspectos de nuestra sociedad. Crisis fruto del desprecio de aquellas tareas fundamentales para el sostenimiento de la vida, pero no consideradas productivas, y agravado [&hellip;]<\/p>\n","protected":false},"author":3,"featured_media":0,"parent":760,"menu_order":0,"comment_status":"closed","ping_status":"closed","template":"","meta":{"_genesis_hide_title":true,"_genesis_hide_breadcrumbs":false,"_genesis_hide_singular_image":false,"_genesis_hide_footer_widgets":false,"_genesis_custom_body_class":"","_genesis_custom_post_class":"","_genesis_layout":"","footnotes":""},"class_list":{"0":"post-783","1":"page","2":"type-page","3":"status-publish","5":"entry","6":"has-post-thumbnail"},"acf":[],"_links":{"self":[{"href":"https:\/\/cruillesdevida.entrepobles.org\/es\/wp-json\/wp\/v2\/pages\/783","targetHints":{"allow":["GET"]}}],"collection":[{"href":"https:\/\/cruillesdevida.entrepobles.org\/es\/wp-json\/wp\/v2\/pages"}],"about":[{"href":"https:\/\/cruillesdevida.entrepobles.org\/es\/wp-json\/wp\/v2\/types\/page"}],"author":[{"embeddable":true,"href":"https:\/\/cruillesdevida.entrepobles.org\/es\/wp-json\/wp\/v2\/users\/3"}],"replies":[{"embeddable":true,"href":"https:\/\/cruillesdevida.entrepobles.org\/es\/wp-json\/wp\/v2\/comments?post=783"}],"version-history":[{"count":3,"href":"https:\/\/cruillesdevida.entrepobles.org\/es\/wp-json\/wp\/v2\/pages\/783\/revisions"}],"predecessor-version":[{"id":886,"href":"https:\/\/cruillesdevida.entrepobles.org\/es\/wp-json\/wp\/v2\/pages\/783\/revisions\/886"}],"up":[{"embeddable":true,"href":"https:\/\/cruillesdevida.entrepobles.org\/es\/wp-json\/wp\/v2\/pages\/760"}],"wp:attachment":[{"href":"https:\/\/cruillesdevida.entrepobles.org\/es\/wp-json\/wp\/v2\/media?parent=783"}],"curies":[{"name":"wp","href":"https:\/\/api.w.org\/{rel}","templated":true}]}}