{"id":786,"date":"2022-06-21T18:49:16","date_gmt":"2022-06-21T16:49:16","guid":{"rendered":"https:\/\/cruillesdevida.entrepobles.org\/contexto\/crisis-climatica\/"},"modified":"2023-03-20T18:16:41","modified_gmt":"2023-03-20T17:16:41","slug":"crisis-climatica","status":"publish","type":"page","link":"https:\/\/cruillesdevida.entrepobles.org\/es\/contexto\/crisis-climatica\/","title":{"rendered":"Crisis clim\u00e1tica"},"content":{"rendered":"\n<div class=\"wp-block-group alignfull has-gray-darker-background-color has-background is-layout-flow wp-block-group-is-layout-flow\">\n<div style=\"height:3rem\" aria-hidden=\"true\" class=\"wp-block-spacer\"><\/div>\n\n\n\n<div class=\"wp-block-columns are-vertically-aligned-center wrap is-layout-flex wp-container-core-columns-is-layout-28f84493 wp-block-columns-is-layout-flex\">\n<div class=\"wp-block-column is-vertically-aligned-center is-layout-flow wp-block-column-is-layout-flow\" style=\"padding-right:3vw\">\n<h1 class=\"has-sixth-color has-text-color has-gigantic-font-size wp-block-heading\" style=\"line-height:.9\">crisis<br><span class=\"has-tertiary-color font-family-calligraphic font-weight-bold\">clim\u00e1<\/span><span class=\"font-family-calligraphic font-weight-normal\">tica<\/span><\/h1>\n\n\n\n<p class=\"has-sixth-color has-text-color\">El sistema capitalista provoca da\u00f1os constantes en el medio ambiente y en el sistema clim\u00e1tico, afectando tambi\u00e9n los derechos de las personas y la estabilidad del resto de especies que viven en el planeta.<\/p>\n\n\n\n<p class=\"has-sixth-color has-text-color\">Entre las actuales problem\u00e1ticas ambientales, una de las mayores amenazas, tanto para Catalu\u00f1a como para el resto del planeta, es la crisis clim\u00e1tica. <\/p>\n\n\n\n<p class=\"has-sixth-color has-text-color\">Durante octubre de 2021, el Grupo Intergubernamental de Expertos\/as sobre el Cambio Clim\u00e1tico (IPCC) reafirm\u00f3 un aumento de la concentraci\u00f3n de Gases de Efecto invernadero (GEI) en la atm\u00f3sfera, creciendo desde unas 280 ppm (cifra pr\u00e1cticamente estable durante milenios) hasta posicionarse a 416,96 ppm de CO2 el pasado m\u00e1s de julio de 2021. Seg\u00fan las expertas, la \u00faltima vez que nuestra atm\u00f3sfera experiment\u00f3 esta cantidad de GEI fue hace entre 3 y 5 millones de a\u00f1os, cuando la temperatura era entre 2 y 3 \u00b0C m\u00e1s c\u00e1lida y el mar se posicionaba entre 10 y 20 m por encima del nivel actual.<\/p>\n\n\n\n<p class=\"has-sixth-color has-text-color\">Las consecuencias de la crisis clim\u00e1tica se empiezan a notar en nuestro territorio, pero afectan en mayor medida a los pa\u00edses del Sur Global. En Catalu\u00f1a, la temperatura aumenta a un ritmo de <strong>+0,26 \u00b0C\/decenio, llegando durante 2020 a un aumento de 1,8 \u00b0C en base a la temperatura del siglo XX.<\/strong>. Adem\u00e1s, el Mediterr\u00e1neo es un espacio especialmente vulnerable, ya que se calienta un 20% m\u00e1s r\u00e1pido que la media mundial, lo que agrava la situaci\u00f3n de \u00abtropicalizaci\u00f3n\u00bb del mar y favorece el aumento de problem\u00e1ticas ambientales.<\/p>\n<\/div>\n\n\n\n<div class=\"wp-block-column is-vertically-aligned-center is-layout-flow wp-block-column-is-layout-flow\">\n<figure class=\"wp-block-image size-large\"><img loading=\"lazy\" decoding=\"async\" width=\"476\" height=\"1080\" src=\"https:\/\/cruillesdevida.entrepobles.org\/wp-content\/uploads\/2022\/07\/crisi-climatica-02-476x1080.png\" alt=\"\" class=\"wp-image-674\" srcset=\"https:\/\/cruillesdevida.entrepobles.org\/wp-content\/uploads\/2022\/07\/crisi-climatica-02-476x1080.png 476w, https:\/\/cruillesdevida.entrepobles.org\/wp-content\/uploads\/2022\/07\/crisi-climatica-02-677x1536.png 677w, https:\/\/cruillesdevida.entrepobles.org\/wp-content\/uploads\/2022\/07\/crisi-climatica-02.png 748w\" sizes=\"auto, (max-width: 476px) 100vw, 476px\" \/><\/figure>\n<\/div>\n<\/div>\n\n\n\n<div style=\"height:3rem\" aria-hidden=\"true\" class=\"wp-block-spacer\"><\/div>\n<\/div>\n","protected":false},"excerpt":{"rendered":"<p>crisisclim\u00e1tica El sistema capitalista provoca da\u00f1os constantes en el medio ambiente y en el sistema clim\u00e1tico, afectando tambi\u00e9n los derechos de las personas y la estabilidad del resto de especies que viven en el planeta. Entre las actuales problem\u00e1ticas ambientales, una de las mayores amenazas, tanto para Catalu\u00f1a como para el resto del planeta, es [&hellip;]<\/p>\n","protected":false},"author":3,"featured_media":0,"parent":760,"menu_order":0,"comment_status":"closed","ping_status":"closed","template":"","meta":{"_genesis_hide_title":true,"_genesis_hide_breadcrumbs":false,"_genesis_hide_singular_image":false,"_genesis_hide_footer_widgets":false,"_genesis_custom_body_class":"","_genesis_custom_post_class":"","_genesis_layout":"","footnotes":""},"class_list":{"0":"post-786","1":"page","2":"type-page","3":"status-publish","5":"entry","6":"has-post-thumbnail"},"acf":[],"_links":{"self":[{"href":"https:\/\/cruillesdevida.entrepobles.org\/es\/wp-json\/wp\/v2\/pages\/786","targetHints":{"allow":["GET"]}}],"collection":[{"href":"https:\/\/cruillesdevida.entrepobles.org\/es\/wp-json\/wp\/v2\/pages"}],"about":[{"href":"https:\/\/cruillesdevida.entrepobles.org\/es\/wp-json\/wp\/v2\/types\/page"}],"author":[{"embeddable":true,"href":"https:\/\/cruillesdevida.entrepobles.org\/es\/wp-json\/wp\/v2\/users\/3"}],"replies":[{"embeddable":true,"href":"https:\/\/cruillesdevida.entrepobles.org\/es\/wp-json\/wp\/v2\/comments?post=786"}],"version-history":[{"count":2,"href":"https:\/\/cruillesdevida.entrepobles.org\/es\/wp-json\/wp\/v2\/pages\/786\/revisions"}],"predecessor-version":[{"id":885,"href":"https:\/\/cruillesdevida.entrepobles.org\/es\/wp-json\/wp\/v2\/pages\/786\/revisions\/885"}],"up":[{"embeddable":true,"href":"https:\/\/cruillesdevida.entrepobles.org\/es\/wp-json\/wp\/v2\/pages\/760"}],"wp:attachment":[{"href":"https:\/\/cruillesdevida.entrepobles.org\/es\/wp-json\/wp\/v2\/media?parent=786"}],"curies":[{"name":"wp","href":"https:\/\/api.w.org\/{rel}","templated":true}]}}