{"id":796,"date":"2022-07-04T11:33:05","date_gmt":"2022-07-04T09:33:05","guid":{"rendered":"https:\/\/cruillesdevida.entrepobles.org\/recurs\/la-huella-del-turismo-ciclo-sobre-impactos-y-alternativas-al-modelo-de-produccion-turistico\/"},"modified":"2023-03-21T10:27:36","modified_gmt":"2023-03-21T09:27:36","slug":"la-huella-del-turismo-ciclo-sobre-impactos-y-alternativas-al-modelo-de-produccion-turistico","status":"publish","type":"product","link":"https:\/\/cruillesdevida.entrepobles.org\/es\/recurso\/la-huella-del-turismo-ciclo-sobre-impactos-y-alternativas-al-modelo-de-produccion-turistico\/","title":{"rendered":"La huella del turismo. Ciclo sobre impactos y alternativas al modelo de producci\u00f3n tur\u00edstico"},"content":{"rendered":"\n<p>Los movimientos sociales cr\u00edticos con el modelo econ\u00f3mico han ido creciendo y parece que se han empezado a agrietar los consensos que atravesaban los \u00e1mbitos analizados en la investigaci\u00f3n. La propuesta de \u00abdecrecimiento tur\u00edstico\u00bb encabeza movilizaciones y acciones vecinales. Trabajadoras y trabajadores del turismo se hacen visibles y cuestionan cada vez m\u00e1s la precarizaci\u00f3n que est\u00e1n sufriendo. Vecinos y vecinas se organizan para luchar contra la especulaci\u00f3n inmobiliaria que hace subir los precios de los alquileres y los expulsa de sus barrios. <\/p>\n\n\n\n<p>As\u00ed, el debate p\u00fablico sobre el modelo tur\u00edstico e inmobiliario est\u00e1 cada vez m\u00e1s presente y las administraciones vinculadas a propuestas de cambio se enfrentan con la necesidad de regular y generar pol\u00edticas tur\u00edsticas que prioricen las necesidades de la mayor\u00eda de la poblaci\u00f3n, los l\u00edmites planetarios, y en especial de los sectores populares m\u00e1s afectados por los impactos de esta especializaci\u00f3n y masificaci\u00f3n tur\u00edstica, como las mujeres y las personas migradas.<\/p>\n","protected":false},"excerpt":{"rendered":"<p>Los movimientos sociales cr\u00edticos con el modelo econ\u00f3mico han ido creciendo y parece que se han empezado a agrietar los consensos que atravesaban los \u00e1mbitos analizados en la investigaci\u00f3n. La propuesta de \u00abdecrecimiento tur\u00edstico\u00bb encabeza movilizaciones y acciones vecinales. Trabajadoras y trabajadores del turismo se hacen visibles y cuestionan cada vez m\u00e1s la precarizaci\u00f3n que [&hellip;]<\/p>\n","protected":false},"author":3,"featured_media":0,"comment_status":"closed","ping_status":"closed","template":"","topic":[27],"formatproduct":[29],"class_list":{"0":"post-796","1":"product","2":"type-product","3":"status-publish","5":"topic-feminismos","6":"formatproduct-charlas","7":"entry"},"acf":[],"_links":{"self":[{"href":"https:\/\/cruillesdevida.entrepobles.org\/es\/wp-json\/wp\/v2\/product\/796","targetHints":{"allow":["GET"]}}],"collection":[{"href":"https:\/\/cruillesdevida.entrepobles.org\/es\/wp-json\/wp\/v2\/product"}],"about":[{"href":"https:\/\/cruillesdevida.entrepobles.org\/es\/wp-json\/wp\/v2\/types\/product"}],"author":[{"embeddable":true,"href":"https:\/\/cruillesdevida.entrepobles.org\/es\/wp-json\/wp\/v2\/users\/3"}],"replies":[{"embeddable":true,"href":"https:\/\/cruillesdevida.entrepobles.org\/es\/wp-json\/wp\/v2\/comments?post=796"}],"version-history":[{"count":5,"href":"https:\/\/cruillesdevida.entrepobles.org\/es\/wp-json\/wp\/v2\/product\/796\/revisions"}],"predecessor-version":[{"id":914,"href":"https:\/\/cruillesdevida.entrepobles.org\/es\/wp-json\/wp\/v2\/product\/796\/revisions\/914"}],"wp:attachment":[{"href":"https:\/\/cruillesdevida.entrepobles.org\/es\/wp-json\/wp\/v2\/media?parent=796"}],"wp:term":[{"taxonomy":"topic","embeddable":true,"href":"https:\/\/cruillesdevida.entrepobles.org\/es\/wp-json\/wp\/v2\/topic?post=796"},{"taxonomy":"formatproduct","embeddable":true,"href":"https:\/\/cruillesdevida.entrepobles.org\/es\/wp-json\/wp\/v2\/formatproduct?post=796"}],"curies":[{"name":"wp","href":"https:\/\/api.w.org\/{rel}","templated":true}]}}