{"id":825,"date":"2022-07-04T11:26:19","date_gmt":"2022-07-04T09:26:19","guid":{"rendered":"https:\/\/cruillesdevida.entrepobles.org\/recurs\/xiii-edicion-del-curso-de-derechos-sociales-2\/"},"modified":"2023-03-21T10:26:39","modified_gmt":"2023-03-21T09:26:39","slug":"xiii-edicion-del-curso-de-derechos-sociales-2","status":"publish","type":"product","link":"https:\/\/cruillesdevida.entrepobles.org\/es\/recurso\/xiii-edicion-del-curso-de-derechos-sociales-2\/","title":{"rendered":"XIII Edici\u00f3n del Curso de Derechos Sociales"},"content":{"rendered":"\n<p>Curso realizado cada a\u00f1o por la ODESC, con m\u00e1s de 18 sesiones, donde en 2021 se ha tratado la vulneraci\u00f3n de derechos sociales, como el acceso a la vivienda, la justicia clim\u00e1tica y econ\u00f3mica, y las desigualdades de g\u00e9nero y Norte-Sur.<\/p>\n","protected":false},"excerpt":{"rendered":"<p>Curso realizado cada a\u00f1o por la ODESC, con m\u00e1s de 18 sesiones, donde en 2021 se ha tratado la vulneraci\u00f3n de derechos sociales, como el acceso a la vivienda, la justicia clim\u00e1tica y econ\u00f3mica, y las desigualdades de g\u00e9nero y Norte-Sur.<\/p>\n","protected":false},"author":3,"featured_media":0,"comment_status":"closed","ping_status":"closed","template":"","topic":[28],"formatproduct":[29],"class_list":{"0":"post-825","1":"product","2":"type-product","3":"status-publish","5":"topic-justicia-climatica-es","6":"formatproduct-charlas","7":"entry"},"acf":[],"_links":{"self":[{"href":"https:\/\/cruillesdevida.entrepobles.org\/es\/wp-json\/wp\/v2\/product\/825","targetHints":{"allow":["GET"]}}],"collection":[{"href":"https:\/\/cruillesdevida.entrepobles.org\/es\/wp-json\/wp\/v2\/product"}],"about":[{"href":"https:\/\/cruillesdevida.entrepobles.org\/es\/wp-json\/wp\/v2\/types\/product"}],"author":[{"embeddable":true,"href":"https:\/\/cruillesdevida.entrepobles.org\/es\/wp-json\/wp\/v2\/users\/3"}],"replies":[{"embeddable":true,"href":"https:\/\/cruillesdevida.entrepobles.org\/es\/wp-json\/wp\/v2\/comments?post=825"}],"version-history":[{"count":3,"href":"https:\/\/cruillesdevida.entrepobles.org\/es\/wp-json\/wp\/v2\/product\/825\/revisions"}],"predecessor-version":[{"id":912,"href":"https:\/\/cruillesdevida.entrepobles.org\/es\/wp-json\/wp\/v2\/product\/825\/revisions\/912"}],"wp:attachment":[{"href":"https:\/\/cruillesdevida.entrepobles.org\/es\/wp-json\/wp\/v2\/media?parent=825"}],"wp:term":[{"taxonomy":"topic","embeddable":true,"href":"https:\/\/cruillesdevida.entrepobles.org\/es\/wp-json\/wp\/v2\/topic?post=825"},{"taxonomy":"formatproduct","embeddable":true,"href":"https:\/\/cruillesdevida.entrepobles.org\/es\/wp-json\/wp\/v2\/formatproduct?post=825"}],"curies":[{"name":"wp","href":"https:\/\/api.w.org\/{rel}","templated":true}]}}