{"id":827,"date":"2022-07-04T11:24:40","date_gmt":"2022-07-04T09:24:40","guid":{"rendered":"https:\/\/cruillesdevida.entrepobles.org\/recurs\/al-otro-lado-del-hilo-podcasts-3\/"},"modified":"2023-03-20T16:54:29","modified_gmt":"2023-03-20T15:54:29","slug":"al-otro-lado-del-hilo-podcasts-3","status":"publish","type":"product","link":"https:\/\/cruillesdevida.entrepobles.org\/es\/recurso\/al-otro-lado-del-hilo-podcasts-3\/","title":{"rendered":"Al otro lado del hilo (podcasts)"},"content":{"rendered":"\n<p>La pandemia de la Covid-19 ha agravado a\u00fan m\u00e1s la crisis econ\u00f3mica, social y ambiental que sufrimos. La dicotom\u00eda entre el capital y la vida se hace m\u00e1s evidente. En tiempos convulsos como los que vivimos, os proponemos escuchar propuestas que huyen de los discursos oficiales. Voces cr\u00edticas que, a pesar de la distancia, explican c\u00f3mo poner en el centro los derechos econ\u00f3micos, sociales, culturales y ambientales.<\/p>\n","protected":false},"excerpt":{"rendered":"<p>La pandemia de la Covid-19 ha agravado a\u00fan m\u00e1s la crisis econ\u00f3mica, social y ambiental que sufrimos. La dicotom\u00eda entre el capital y la vida se hace m\u00e1s evidente. En tiempos convulsos como los que vivimos, os proponemos escuchar propuestas que huyen de los discursos oficiales. Voces cr\u00edticas que, a pesar de la distancia, explican [&hellip;]<\/p>\n","protected":false},"author":3,"featured_media":0,"comment_status":"closed","ping_status":"closed","template":"","topic":[28],"formatproduct":[29],"class_list":{"0":"post-827","1":"product","2":"type-product","3":"status-publish","5":"topic-justicia-climatica-es","6":"formatproduct-charlas","7":"entry"},"acf":[],"_links":{"self":[{"href":"https:\/\/cruillesdevida.entrepobles.org\/es\/wp-json\/wp\/v2\/product\/827","targetHints":{"allow":["GET"]}}],"collection":[{"href":"https:\/\/cruillesdevida.entrepobles.org\/es\/wp-json\/wp\/v2\/product"}],"about":[{"href":"https:\/\/cruillesdevida.entrepobles.org\/es\/wp-json\/wp\/v2\/types\/product"}],"author":[{"embeddable":true,"href":"https:\/\/cruillesdevida.entrepobles.org\/es\/wp-json\/wp\/v2\/users\/3"}],"replies":[{"embeddable":true,"href":"https:\/\/cruillesdevida.entrepobles.org\/es\/wp-json\/wp\/v2\/comments?post=827"}],"version-history":[{"count":3,"href":"https:\/\/cruillesdevida.entrepobles.org\/es\/wp-json\/wp\/v2\/product\/827\/revisions"}],"predecessor-version":[{"id":830,"href":"https:\/\/cruillesdevida.entrepobles.org\/es\/wp-json\/wp\/v2\/product\/827\/revisions\/830"}],"wp:attachment":[{"href":"https:\/\/cruillesdevida.entrepobles.org\/es\/wp-json\/wp\/v2\/media?parent=827"}],"wp:term":[{"taxonomy":"topic","embeddable":true,"href":"https:\/\/cruillesdevida.entrepobles.org\/es\/wp-json\/wp\/v2\/topic?post=827"},{"taxonomy":"formatproduct","embeddable":true,"href":"https:\/\/cruillesdevida.entrepobles.org\/es\/wp-json\/wp\/v2\/formatproduct?post=827"}],"curies":[{"name":"wp","href":"https:\/\/api.w.org\/{rel}","templated":true}]}}