{"id":831,"date":"2022-07-04T11:23:56","date_gmt":"2022-07-04T09:23:56","guid":{"rendered":"https:\/\/cruillesdevida.entrepobles.org\/recurs\/despues-de-las-ocho-documental\/"},"modified":"2023-03-20T16:59:09","modified_gmt":"2023-03-20T15:59:09","slug":"despues-de-las-ocho-documental","status":"publish","type":"product","link":"https:\/\/cruillesdevida.entrepobles.org\/es\/recurso\/despues-de-las-ocho-documental\/","title":{"rendered":"Despu\u00e9s de las ocho (documental)"},"content":{"rendered":"\n<p>&#8216;Despu\u00e9s de las ocho&#8217; muestra las diversas caras de un conflicto que se ha ido expandiendo a lo largo de las \u00faltimas d\u00e9cadas a trav\u00e9s de la transformaci\u00f3n del sur de los Pirineos en un solar para la agroexportaci\u00f3n, el extractivismo, la explotaci\u00f3n, la xenofobia y la emergencia de la extrema derecha. El documental se nutre de experiencias, retratos y conflictos que hemos acabado normalizando a pesar de que vulneran sistem\u00e1ticamente derechos econ\u00f3micos y sociales, discriminan por raz\u00f3n de clase, etnia o g\u00e9nero y generan impactos ambientales devastadores como modelo de \u00e9xito que se reproduce a escala global.<\/p>\n\n<p>La pel\u00edcula documental se sumerge en el modelo de colonizaci\u00f3n y explotaci\u00f3n agr\u00edcola que desde la \u00e9poca franquista hasta nuestros d\u00edas se ha desarrollado en la regi\u00f3n de Almer\u00eda de El Ejido. Un modelo que, tras Maastricht y la entrada en vigor del Mercado Com\u00fan, convirti\u00f3 a esta regi\u00f3n en potencia exportadora y un referente de la internacionalizaci\u00f3n de la econom\u00eda desde los a\u00f1os noventa. Pero donde, a su vez, en el a\u00f1o 2000 se produjo una violenta persecuci\u00f3n contra la poblaci\u00f3n migrante trabajadora que sostiene la productividad del campo de invernaderos m\u00e1s extenso de Europa. Dos d\u00e9cadas despu\u00e9s, la ultraderecha espa\u00f1ola ha emergido con fuerza y hoy son determinantes a nivel social, cultural e institucional en la zona. El Ejido es uno de los ejemplos pioneros m\u00e1s olvidados y crudos de las consecuencias de un extractivismo exportador que viene replic\u00e1ndose en muchas regiones al sur de los Pirineos.<\/p>\n\n<p>El filme documental es el resultado de un trabajo de dos a\u00f1os y se empez\u00f3 a rodar en febrero de 2020 en la regi\u00f3n almeriense de El Ejido, as\u00ed como antes, durante y despu\u00e9s del estado de alarma en diferentes territorios del Estado espa\u00f1ol. El film cuenta con un amplio abanico de testimonios que ofrecen una visi\u00f3n poli\u00e9drica de un mismo conflicto de dimensi\u00f3n global, pero con diferentes implicaciones locales. En el largometraje conocemos a personas trabajadoras del sector agr\u00edcola como Spitou Mendy, exsecretario general de SAT Almer\u00eda, o Ana Pinto, portavoz de Jornaleras de Huelva en Lucha; a empresarios del sector agr\u00edcola como Joaqu\u00edn L\u00f3pez Bernab\u00e9; as\u00ed como a cargos pol\u00edticos como Juan Jos\u00e9 Bonilla, portavoz concejal de VOX en el Ayuntamiento de El Ejido.<\/p>\n","protected":false},"excerpt":{"rendered":"<p>&#8216;Despu\u00e9s de las ocho&#8217; muestra las diversas caras de un conflicto que se ha ido expandiendo a lo largo de las \u00faltimas d\u00e9cadas a trav\u00e9s de la transformaci\u00f3n del sur de los Pirineos en un solar para la agroexportaci\u00f3n, el extractivismo, la explotaci\u00f3n, la xenofobia y la emergencia de la extrema derecha. El documental se [&hellip;]<\/p>\n","protected":false},"author":3,"featured_media":0,"comment_status":"closed","ping_status":"closed","template":"","topic":[28],"formatproduct":[30],"class_list":{"0":"post-831","1":"product","2":"type-product","3":"status-publish","5":"topic-justicia-climatica-es","6":"formatproduct-audiovisuales","7":"entry"},"acf":[],"_links":{"self":[{"href":"https:\/\/cruillesdevida.entrepobles.org\/es\/wp-json\/wp\/v2\/product\/831","targetHints":{"allow":["GET"]}}],"collection":[{"href":"https:\/\/cruillesdevida.entrepobles.org\/es\/wp-json\/wp\/v2\/product"}],"about":[{"href":"https:\/\/cruillesdevida.entrepobles.org\/es\/wp-json\/wp\/v2\/types\/product"}],"author":[{"embeddable":true,"href":"https:\/\/cruillesdevida.entrepobles.org\/es\/wp-json\/wp\/v2\/users\/3"}],"replies":[{"embeddable":true,"href":"https:\/\/cruillesdevida.entrepobles.org\/es\/wp-json\/wp\/v2\/comments?post=831"}],"version-history":[{"count":1,"href":"https:\/\/cruillesdevida.entrepobles.org\/es\/wp-json\/wp\/v2\/product\/831\/revisions"}],"predecessor-version":[{"id":832,"href":"https:\/\/cruillesdevida.entrepobles.org\/es\/wp-json\/wp\/v2\/product\/831\/revisions\/832"}],"wp:attachment":[{"href":"https:\/\/cruillesdevida.entrepobles.org\/es\/wp-json\/wp\/v2\/media?parent=831"}],"wp:term":[{"taxonomy":"topic","embeddable":true,"href":"https:\/\/cruillesdevida.entrepobles.org\/es\/wp-json\/wp\/v2\/topic?post=831"},{"taxonomy":"formatproduct","embeddable":true,"href":"https:\/\/cruillesdevida.entrepobles.org\/es\/wp-json\/wp\/v2\/formatproduct?post=831"}],"curies":[{"name":"wp","href":"https:\/\/api.w.org\/{rel}","templated":true}]}}