{"id":837,"date":"2022-07-04T11:22:52","date_gmt":"2022-07-04T09:22:52","guid":{"rendered":"https:\/\/cruillesdevida.entrepobles.org\/recurs\/limites-y-contradicciones-de-la-gobernanza-privada-de-la-sostenibilidad\/"},"modified":"2023-03-20T17:02:24","modified_gmt":"2023-03-20T16:02:24","slug":"limites-y-contradicciones-de-la-gobernanza-privada-de-la-sostenibilidad","status":"publish","type":"product","link":"https:\/\/cruillesdevida.entrepobles.org\/es\/recurso\/limites-y-contradicciones-de-la-gobernanza-privada-de-la-sostenibilidad\/","title":{"rendered":"L\u00edmites y contradicciones de la gobernanza privada de la sostenibilidad"},"content":{"rendered":"\n<p>La producci\u00f3n de soja y aceite de palma ha aumentado en las \u00faltimas d\u00e9cadas, promovida por actores poderosos que se amparan en discursos del \u00abwin-win\u00bb sobre seguridad alimentaria, crecimiento econ\u00f3mico y mitigaci\u00f3n del cambio clim\u00e1tico. Sin embargo, la expansi\u00f3n acelerada de estos cultivos ha desembocado en numerosos conflictos socio-ambientales en los lugares de producci\u00f3n. Algunas organizaciones de la sociedad civil han impulsado la introducci\u00f3n de sellos de sostenibilidad por empresas de aceite de palma y soja, una tendencia emergente en el sector agr\u00edcola. <\/p>\n\n<p>Este informe explora los l\u00edmites y oportunidades que presentan los sellos y herramientas de certificaci\u00f3n para garantizar el respeto a los derechos humanos y la sostenibilidad ambiental. A modo de ejemplo, se estudian los casos de la Mesa Redonda del Aceite de Palma Sostenible y de la Mesa Redonda de Soja Responsable, y su relaci\u00f3n con conflictos socio-ambientales recogidos en el Atlas de Justicia Ambiental. La narrativa econ\u00f3mica domina por ambas certificaciones, y los conflictos persisten en muchas plantaciones donde se ha obtenido el sello. As\u00ed, se pone en duda el rol de las dos mesas redondas en el impulso de la sostenibilidad.<\/p>\n","protected":false},"excerpt":{"rendered":"<p>La producci\u00f3n de soja y aceite de palma ha aumentado en las \u00faltimas d\u00e9cadas, promovida por actores poderosos que se amparan en discursos del \u00abwin-win\u00bb sobre seguridad alimentaria, crecimiento econ\u00f3mico y mitigaci\u00f3n del cambio clim\u00e1tico. Sin embargo, la expansi\u00f3n acelerada de estos cultivos ha desembocado en numerosos conflictos socio-ambientales en los lugares de producci\u00f3n. Algunas [&hellip;]<\/p>\n","protected":false},"author":3,"featured_media":0,"comment_status":"closed","ping_status":"closed","template":"","topic":[28],"formatproduct":[31],"class_list":{"0":"post-837","1":"product","2":"type-product","3":"status-publish","5":"topic-justicia-climatica-es","6":"formatproduct-publicaciones","7":"entry"},"acf":[],"_links":{"self":[{"href":"https:\/\/cruillesdevida.entrepobles.org\/es\/wp-json\/wp\/v2\/product\/837","targetHints":{"allow":["GET"]}}],"collection":[{"href":"https:\/\/cruillesdevida.entrepobles.org\/es\/wp-json\/wp\/v2\/product"}],"about":[{"href":"https:\/\/cruillesdevida.entrepobles.org\/es\/wp-json\/wp\/v2\/types\/product"}],"author":[{"embeddable":true,"href":"https:\/\/cruillesdevida.entrepobles.org\/es\/wp-json\/wp\/v2\/users\/3"}],"replies":[{"embeddable":true,"href":"https:\/\/cruillesdevida.entrepobles.org\/es\/wp-json\/wp\/v2\/comments?post=837"}],"version-history":[{"count":1,"href":"https:\/\/cruillesdevida.entrepobles.org\/es\/wp-json\/wp\/v2\/product\/837\/revisions"}],"predecessor-version":[{"id":838,"href":"https:\/\/cruillesdevida.entrepobles.org\/es\/wp-json\/wp\/v2\/product\/837\/revisions\/838"}],"wp:attachment":[{"href":"https:\/\/cruillesdevida.entrepobles.org\/es\/wp-json\/wp\/v2\/media?parent=837"}],"wp:term":[{"taxonomy":"topic","embeddable":true,"href":"https:\/\/cruillesdevida.entrepobles.org\/es\/wp-json\/wp\/v2\/topic?post=837"},{"taxonomy":"formatproduct","embeddable":true,"href":"https:\/\/cruillesdevida.entrepobles.org\/es\/wp-json\/wp\/v2\/formatproduct?post=837"}],"curies":[{"name":"wp","href":"https:\/\/api.w.org\/{rel}","templated":true}]}}