{"id":839,"date":"2022-07-04T11:22:14","date_gmt":"2022-07-04T09:22:14","guid":{"rendered":"https:\/\/cruillesdevida.entrepobles.org\/recurs\/dosier-emergencia-desc-y-el-critico\/"},"modified":"2023-03-21T10:21:39","modified_gmt":"2023-03-21T09:21:39","slug":"dosier-emergencia-desc-y-el-critico","status":"publish","type":"product","link":"https:\/\/cruillesdevida.entrepobles.org\/es\/recurso\/dosier-emergencia-desc-y-el-critico\/","title":{"rendered":"Dosier \u00abEmergencia\u00bb DESC y El Cr\u00edtico"},"content":{"rendered":"\n<p>\u00abEmergencia\u201d (2021) es el octavo Dosier CR\u00cdTICO.<\/p>\n\n\n\n<p>Es una revista de 150 p\u00e1ginas que analiza la situaci\u00f3n de crisis ecol\u00f3gica que vive el mundo y c\u00f3mo podemos combatirla desde nuestra vida cotidiana. No s\u00f3lo explicamos la magnitud de la tragedia que nos cae encima, sino que tambi\u00e9n ofrecemos propuestas y caminos, que ya hace a\u00f1os que plantean los expertos o los movimientos sociales, para intentar revertirla.<\/p>\n\n\n\n<p>Bienes Comunes y necesidades colectivas: El cruce de caminos entre viejas crisis y nuevas emergencias (libro) <a href=\"https:\/\/observatoridesc.org\/ca\/bens-comuns-i-necessitats-collectives-cruilla-camins-entre-velles-crisis-i-noves-emergencies\">DESC<\/a><\/p>\n\n\n\n<p>En las \u00faltimas d\u00e9cadas, la consolidaci\u00f3n del paradigma neoliberal ha hecho retroceder los derechos m\u00e1s fundamentales de la mayor\u00eda. Mientras unas pocas \u00e9lites han salido beneficiadas, las necesidades de la vida cotidiana de la ciudadan\u00eda se han visto amenazadas. As\u00ed, las diferentes crisis econ\u00f3micas encadenadas se han superpuesto a la crisis social, de cuidados y la emergencia clim\u00e1tica. El estallido de la pandemia de la COVID19 no ha hecho sino visibilizar y acentuar la devaluaci\u00f3n de los derechos sociales y el aumento de las desigualdades vinculadas a la superposici\u00f3n de crisis m\u00faltiples.<\/p>\n\n\n\n<p>El libro es una compilaci\u00f3n de quince cap\u00edtulos de autoras de perfiles diversos, tanto de renombre acad\u00e9mico como de \u00e1mbitos m\u00e1s activistas, divididos en dos bloques. En primer lugar, hay cuatro cap\u00edtulos (Y-IV) que miran al pasado, e intentan responder la pregunta de d\u00f3nde venimos. As\u00ed, se analizan los fundamentos e impactos de la concentraci\u00f3n y acumulaci\u00f3n de capital que ha hecho posible la infraestructura neoliberal y la mercantilizaci\u00f3n de los bienes comunes de los \u00faltimos 30 a\u00f1os. Por otro lado, el segundo bloque (V-XV), m\u00e1s extenso, mira al presente y busca responder la pregunta hacia d\u00f3nde vayan. As\u00ed, contiene diferentes reflexiones sobre el cruce de caminos en que nos encontramos y los posibles cambios y resistencias que vienen. Adem\u00e1s, algunos de los cap\u00edtulos incorporan el factor pandemia en el an\u00e1lisis del presente y lo que vendr\u00e1. Se trata de un diagn\u00f3stico, pero tambi\u00e9n hay propuestas de imaginarios de futuro sobre lo p\u00fablico y comunitario, para avanzar hacia la justicia econ\u00f3mica, social.<\/p>\n","protected":false},"excerpt":{"rendered":"<p>\u00abEmergencia\u201d (2021) es el octavo Dosier CR\u00cdTICO. Es una revista de 150 p\u00e1ginas que analiza la situaci\u00f3n de crisis ecol\u00f3gica que vive el mundo y c\u00f3mo podemos combatirla desde nuestra vida cotidiana. No s\u00f3lo explicamos la magnitud de la tragedia que nos cae encima, sino que tambi\u00e9n ofrecemos propuestas y caminos, que ya hace a\u00f1os [&hellip;]<\/p>\n","protected":false},"author":3,"featured_media":0,"comment_status":"closed","ping_status":"closed","template":"","topic":[28],"formatproduct":[31],"class_list":{"0":"post-839","1":"product","2":"type-product","3":"status-publish","5":"topic-justicia-climatica-es","6":"formatproduct-publicaciones","7":"entry"},"acf":[],"_links":{"self":[{"href":"https:\/\/cruillesdevida.entrepobles.org\/es\/wp-json\/wp\/v2\/product\/839","targetHints":{"allow":["GET"]}}],"collection":[{"href":"https:\/\/cruillesdevida.entrepobles.org\/es\/wp-json\/wp\/v2\/product"}],"about":[{"href":"https:\/\/cruillesdevida.entrepobles.org\/es\/wp-json\/wp\/v2\/types\/product"}],"author":[{"embeddable":true,"href":"https:\/\/cruillesdevida.entrepobles.org\/es\/wp-json\/wp\/v2\/users\/3"}],"replies":[{"embeddable":true,"href":"https:\/\/cruillesdevida.entrepobles.org\/es\/wp-json\/wp\/v2\/comments?post=839"}],"version-history":[{"count":4,"href":"https:\/\/cruillesdevida.entrepobles.org\/es\/wp-json\/wp\/v2\/product\/839\/revisions"}],"predecessor-version":[{"id":909,"href":"https:\/\/cruillesdevida.entrepobles.org\/es\/wp-json\/wp\/v2\/product\/839\/revisions\/909"}],"wp:attachment":[{"href":"https:\/\/cruillesdevida.entrepobles.org\/es\/wp-json\/wp\/v2\/media?parent=839"}],"wp:term":[{"taxonomy":"topic","embeddable":true,"href":"https:\/\/cruillesdevida.entrepobles.org\/es\/wp-json\/wp\/v2\/topic?post=839"},{"taxonomy":"formatproduct","embeddable":true,"href":"https:\/\/cruillesdevida.entrepobles.org\/es\/wp-json\/wp\/v2\/formatproduct?post=839"}],"curies":[{"name":"wp","href":"https:\/\/api.w.org\/{rel}","templated":true}]}}