{"id":850,"date":"2022-07-04T11:18:06","date_gmt":"2022-07-04T09:18:06","guid":{"rendered":"https:\/\/cruillesdevida.entrepobles.org\/recurs\/digame-cine-cortometrajes-categoria-premio-berta-caceres-2\/"},"modified":"2023-03-20T17:11:07","modified_gmt":"2023-03-20T16:11:07","slug":"digame-cine-cortometrajes-categoria-premio-berta-caceres-2","status":"publish","type":"product","link":"https:\/\/cruillesdevida.entrepobles.org\/es\/recurso\/digame-cine-cortometrajes-categoria-premio-berta-caceres-2\/","title":{"rendered":"D\u00edgame Cine &#8211; Cortometrajes Categor\u00eda Premio BERTA C\u00c1CERES"},"content":{"rendered":"\n<p>DA&#8217;M CINE es un concurso internacional de cortometrajes realizados por mujeres, que se celebra bianualmente a trav\u00e9s de Internet. El concurso va dirigido a todas aquellas mujeres que quieran expresarse a trav\u00e9s del lenguaje audiovisual.<\/p>\n\n<p>Una de las tem\u00e1ticas que proponemos desde la tercera edici\u00f3n del concurso pone el foco en las mujeres activistas y defensoras de los derechos de las mujeres, de su colectividad y de los bienes comunes de la naturaleza, en tanto que su criminalizaci\u00f3n, es un fen\u00f3meno global en crecimiento, con tendencias que se expresan en diferentes grados y contextos.<\/p>\n","protected":false},"excerpt":{"rendered":"<p>DA&#8217;M CINE es un concurso internacional de cortometrajes realizados por mujeres, que se celebra bianualmente a trav\u00e9s de Internet. El concurso va dirigido a todas aquellas mujeres que quieran expresarse a trav\u00e9s del lenguaje audiovisual. Una de las tem\u00e1ticas que proponemos desde la tercera edici\u00f3n del concurso pone el foco en las mujeres activistas y [&hellip;]<\/p>\n","protected":false},"author":3,"featured_media":0,"comment_status":"closed","ping_status":"closed","template":"","topic":[28],"formatproduct":[30],"class_list":{"0":"post-850","1":"product","2":"type-product","3":"status-publish","5":"topic-justicia-climatica-es","6":"formatproduct-audiovisuales","7":"entry"},"acf":[],"_links":{"self":[{"href":"https:\/\/cruillesdevida.entrepobles.org\/es\/wp-json\/wp\/v2\/product\/850","targetHints":{"allow":["GET"]}}],"collection":[{"href":"https:\/\/cruillesdevida.entrepobles.org\/es\/wp-json\/wp\/v2\/product"}],"about":[{"href":"https:\/\/cruillesdevida.entrepobles.org\/es\/wp-json\/wp\/v2\/types\/product"}],"author":[{"embeddable":true,"href":"https:\/\/cruillesdevida.entrepobles.org\/es\/wp-json\/wp\/v2\/users\/3"}],"replies":[{"embeddable":true,"href":"https:\/\/cruillesdevida.entrepobles.org\/es\/wp-json\/wp\/v2\/comments?post=850"}],"version-history":[{"count":3,"href":"https:\/\/cruillesdevida.entrepobles.org\/es\/wp-json\/wp\/v2\/product\/850\/revisions"}],"predecessor-version":[{"id":854,"href":"https:\/\/cruillesdevida.entrepobles.org\/es\/wp-json\/wp\/v2\/product\/850\/revisions\/854"}],"wp:attachment":[{"href":"https:\/\/cruillesdevida.entrepobles.org\/es\/wp-json\/wp\/v2\/media?parent=850"}],"wp:term":[{"taxonomy":"topic","embeddable":true,"href":"https:\/\/cruillesdevida.entrepobles.org\/es\/wp-json\/wp\/v2\/topic?post=850"},{"taxonomy":"formatproduct","embeddable":true,"href":"https:\/\/cruillesdevida.entrepobles.org\/es\/wp-json\/wp\/v2\/formatproduct?post=850"}],"curies":[{"name":"wp","href":"https:\/\/api.w.org\/{rel}","templated":true}]}}