{"id":857,"date":"2022-07-04T11:16:51","date_gmt":"2022-07-04T09:16:51","guid":{"rendered":"https:\/\/cruillesdevida.entrepobles.org\/recurs\/mi-piel-otros\/"},"modified":"2023-03-21T10:41:33","modified_gmt":"2023-03-21T09:41:33","slug":"mi-piel-otros","status":"publish","type":"product","link":"https:\/\/cruillesdevida.entrepobles.org\/es\/recurso\/mi-piel-otros\/","title":{"rendered":"Mi piel &#8211; Otros"},"content":{"rendered":"\n<p>Un documental que a trav\u00e9s del relato de 8 mujeres valientes con ra\u00edces, identidades, or\u00edgenes y saberes diferentes, reflexiona sobre la migraci\u00f3n, poniendo el foco en la acogida y desde la experiencia como supervivientes de una doble discriminaci\u00f3n, migrante y mujer.<\/p>\n","protected":false},"excerpt":{"rendered":"<p>Un documental que a trav\u00e9s del relato de 8 mujeres valientes con ra\u00edces, identidades, or\u00edgenes y saberes diferentes, reflexiona sobre la migraci\u00f3n, poniendo el foco en la acogida y desde la experiencia como supervivientes de una doble discriminaci\u00f3n, migrante y mujer.<\/p>\n","protected":false},"author":3,"featured_media":0,"comment_status":"closed","ping_status":"closed","template":"","topic":[27],"formatproduct":[30],"class_list":{"0":"post-857","1":"product","2":"type-product","3":"status-publish","5":"topic-feminismos","6":"formatproduct-audiovisuales","7":"entry"},"acf":[],"_links":{"self":[{"href":"https:\/\/cruillesdevida.entrepobles.org\/es\/wp-json\/wp\/v2\/product\/857","targetHints":{"allow":["GET"]}}],"collection":[{"href":"https:\/\/cruillesdevida.entrepobles.org\/es\/wp-json\/wp\/v2\/product"}],"about":[{"href":"https:\/\/cruillesdevida.entrepobles.org\/es\/wp-json\/wp\/v2\/types\/product"}],"author":[{"embeddable":true,"href":"https:\/\/cruillesdevida.entrepobles.org\/es\/wp-json\/wp\/v2\/users\/3"}],"replies":[{"embeddable":true,"href":"https:\/\/cruillesdevida.entrepobles.org\/es\/wp-json\/wp\/v2\/comments?post=857"}],"version-history":[{"count":1,"href":"https:\/\/cruillesdevida.entrepobles.org\/es\/wp-json\/wp\/v2\/product\/857\/revisions"}],"predecessor-version":[{"id":924,"href":"https:\/\/cruillesdevida.entrepobles.org\/es\/wp-json\/wp\/v2\/product\/857\/revisions\/924"}],"wp:attachment":[{"href":"https:\/\/cruillesdevida.entrepobles.org\/es\/wp-json\/wp\/v2\/media?parent=857"}],"wp:term":[{"taxonomy":"topic","embeddable":true,"href":"https:\/\/cruillesdevida.entrepobles.org\/es\/wp-json\/wp\/v2\/topic?post=857"},{"taxonomy":"formatproduct","embeddable":true,"href":"https:\/\/cruillesdevida.entrepobles.org\/es\/wp-json\/wp\/v2\/formatproduct?post=857"}],"curies":[{"name":"wp","href":"https:\/\/api.w.org\/{rel}","templated":true}]}}