{"id":858,"date":"2022-07-04T11:16:20","date_gmt":"2022-07-04T09:16:20","guid":{"rendered":"https:\/\/cruillesdevida.entrepobles.org\/recurs\/las-semillas-de-berta-caceres-documental\/"},"modified":"2023-03-21T10:40:30","modified_gmt":"2023-03-21T09:40:30","slug":"las-semillas-de-berta-caceres-documental","status":"publish","type":"product","link":"https:\/\/cruillesdevida.entrepobles.org\/es\/recurso\/las-semillas-de-berta-caceres-documental\/","title":{"rendered":"Las semillas de Berta C\u00e1ceres &#8211; Documental"},"content":{"rendered":"\n<p>En torno a la muerte de <strong>Berta C\u00e1ceres<\/strong>, ambientalista y defensora de los derechos humanos hondure\u00f1a, asesinada en 2016, se evidencia una gran trama de intereses del proyecto empresarial y financiero que participa en el proyecto hidroel\u00e9ctrico de Agua Zarca, desde grandes bancos de desarrollo latinoamericanos y europeos, hasta peque\u00f1as empresas catalanas, tambi\u00e9n, que han suministrado servicios.<\/p>\n\n\n\n<p>Pero el asesinato de Berta C\u00e1ceres tambi\u00e9n <strong>ha generado una gran red de complicidades entre movimientos sociales centroamericanos y europeos<\/strong>, para exigir justicia.<\/p>\n","protected":false},"excerpt":{"rendered":"<p>En torno a la muerte de Berta C\u00e1ceres, ambientalista y defensora de los derechos humanos hondure\u00f1a, asesinada en 2016, se evidencia una gran trama de intereses del proyecto empresarial y financiero que participa en el proyecto hidroel\u00e9ctrico de Agua Zarca, desde grandes bancos de desarrollo latinoamericanos y europeos, hasta peque\u00f1as empresas catalanas, tambi\u00e9n, que han [&hellip;]<\/p>\n","protected":false},"author":3,"featured_media":0,"comment_status":"closed","ping_status":"closed","template":"","topic":[27],"formatproduct":[30],"class_list":{"0":"post-858","1":"product","2":"type-product","3":"status-publish","5":"topic-feminismos","6":"formatproduct-audiovisuales","7":"entry"},"acf":[],"_links":{"self":[{"href":"https:\/\/cruillesdevida.entrepobles.org\/es\/wp-json\/wp\/v2\/product\/858","targetHints":{"allow":["GET"]}}],"collection":[{"href":"https:\/\/cruillesdevida.entrepobles.org\/es\/wp-json\/wp\/v2\/product"}],"about":[{"href":"https:\/\/cruillesdevida.entrepobles.org\/es\/wp-json\/wp\/v2\/types\/product"}],"author":[{"embeddable":true,"href":"https:\/\/cruillesdevida.entrepobles.org\/es\/wp-json\/wp\/v2\/users\/3"}],"replies":[{"embeddable":true,"href":"https:\/\/cruillesdevida.entrepobles.org\/es\/wp-json\/wp\/v2\/comments?post=858"}],"version-history":[{"count":1,"href":"https:\/\/cruillesdevida.entrepobles.org\/es\/wp-json\/wp\/v2\/product\/858\/revisions"}],"predecessor-version":[{"id":923,"href":"https:\/\/cruillesdevida.entrepobles.org\/es\/wp-json\/wp\/v2\/product\/858\/revisions\/923"}],"wp:attachment":[{"href":"https:\/\/cruillesdevida.entrepobles.org\/es\/wp-json\/wp\/v2\/media?parent=858"}],"wp:term":[{"taxonomy":"topic","embeddable":true,"href":"https:\/\/cruillesdevida.entrepobles.org\/es\/wp-json\/wp\/v2\/topic?post=858"},{"taxonomy":"formatproduct","embeddable":true,"href":"https:\/\/cruillesdevida.entrepobles.org\/es\/wp-json\/wp\/v2\/formatproduct?post=858"}],"curies":[{"name":"wp","href":"https:\/\/api.w.org\/{rel}","templated":true}]}}