{"id":873,"date":"2022-07-01T15:27:01","date_gmt":"2022-07-01T13:27:01","guid":{"rendered":"https:\/\/cruillesdevida.entrepobles.org\/recurs\/libro-no-dejes-el-futuro-en-sus-manos\/"},"modified":"2023-03-20T17:26:32","modified_gmt":"2023-03-20T16:26:32","slug":"libro-no-dejes-el-futuro-en-sus-manos","status":"publish","type":"product","link":"https:\/\/cruillesdevida.entrepobles.org\/es\/recurso\/libro-no-dejes-el-futuro-en-sus-manos\/","title":{"rendered":"Libro No dejes el futuro en sus manos"},"content":{"rendered":"\n<p>Publicaci\u00f3n que nos permite profundizar y debatir sobre la emergencia clim\u00e1tica que vivimos, su impacto en nuestro d\u00eda a d\u00eda y qu\u00e9 acciones podemos emprender individual y\/o colectivamente para hacerle frente.<\/p>\n\n<p>Con la lectura nos adentraremos y profundizamos en la noci\u00f3n de justicia ambiental, aportando a las din\u00e1micas, aprendizaje y debate colectivo de la comunidad desde los retos globales relacionados con la emergencia clim\u00e1tica, social, econ\u00f3mica y de cuidados para la construcci\u00f3n de futuros vivibles para todas y el planeta que nos sostiene.<\/p>\n","protected":false},"excerpt":{"rendered":"<p>Publicaci\u00f3n que nos permite profundizar y debatir sobre la emergencia clim\u00e1tica que vivimos, su impacto en nuestro d\u00eda a d\u00eda y qu\u00e9 acciones podemos emprender individual y\/o colectivamente para hacerle frente. Con la lectura nos adentraremos y profundizamos en la noci\u00f3n de justicia ambiental, aportando a las din\u00e1micas, aprendizaje y debate colectivo de la comunidad [&hellip;]<\/p>\n","protected":false},"author":3,"featured_media":0,"comment_status":"closed","ping_status":"closed","template":"","topic":[28],"formatproduct":[31],"class_list":{"0":"post-873","1":"product","2":"type-product","3":"status-publish","5":"topic-justicia-climatica-es","6":"formatproduct-publicaciones","7":"entry"},"acf":[],"_links":{"self":[{"href":"https:\/\/cruillesdevida.entrepobles.org\/es\/wp-json\/wp\/v2\/product\/873","targetHints":{"allow":["GET"]}}],"collection":[{"href":"https:\/\/cruillesdevida.entrepobles.org\/es\/wp-json\/wp\/v2\/product"}],"about":[{"href":"https:\/\/cruillesdevida.entrepobles.org\/es\/wp-json\/wp\/v2\/types\/product"}],"author":[{"embeddable":true,"href":"https:\/\/cruillesdevida.entrepobles.org\/es\/wp-json\/wp\/v2\/users\/3"}],"replies":[{"embeddable":true,"href":"https:\/\/cruillesdevida.entrepobles.org\/es\/wp-json\/wp\/v2\/comments?post=873"}],"version-history":[{"count":1,"href":"https:\/\/cruillesdevida.entrepobles.org\/es\/wp-json\/wp\/v2\/product\/873\/revisions"}],"predecessor-version":[{"id":874,"href":"https:\/\/cruillesdevida.entrepobles.org\/es\/wp-json\/wp\/v2\/product\/873\/revisions\/874"}],"wp:attachment":[{"href":"https:\/\/cruillesdevida.entrepobles.org\/es\/wp-json\/wp\/v2\/media?parent=873"}],"wp:term":[{"taxonomy":"topic","embeddable":true,"href":"https:\/\/cruillesdevida.entrepobles.org\/es\/wp-json\/wp\/v2\/topic?post=873"},{"taxonomy":"formatproduct","embeddable":true,"href":"https:\/\/cruillesdevida.entrepobles.org\/es\/wp-json\/wp\/v2\/formatproduct?post=873"}],"curies":[{"name":"wp","href":"https:\/\/api.w.org\/{rel}","templated":true}]}}