{"id":875,"date":"2022-07-01T15:26:19","date_gmt":"2022-07-01T13:26:19","guid":{"rendered":"https:\/\/cruillesdevida.entrepobles.org\/recurs\/exposicion-los-limites-del-crecimiento\/"},"modified":"2023-03-20T17:27:56","modified_gmt":"2023-03-20T16:27:56","slug":"exposicion-los-limites-del-crecimiento","status":"publish","type":"product","link":"https:\/\/cruillesdevida.entrepobles.org\/es\/recurso\/exposicion-los-limites-del-crecimiento\/","title":{"rendered":"Exposici\u00f3n Los l\u00edmites del Crecimiento"},"content":{"rendered":"\n<p>La exposici\u00f3n est\u00e1 guiada por tres personajes, que muestran tres actitudes ante la vida: la Ciudadan\u00eda, consciente de los recursos limitados y \u00e1vida de conciencia cr\u00edtica; el Dormil\u00f3, que pasa de todo; y el Pensamiento \u00fanico, la mentalidad neoliberal. Estos personajes nos acompa\u00f1an a lo largo de los 12 paneles con la intenci\u00f3n de concienciar sobre el problema de este crecimiento sostenido e irracional. <\/p>\n\n<p>Muchos de los cambios que el mundo necesita empiezan en ti y en nuestras acciones m\u00e1s comunes (el consumo cr\u00edtico y responsable, tu forma de transportarte, tu alimentaci\u00f3n) y tambi\u00e9n en tu compromiso con acciones pol\u00edticas colectivas.<\/p>\n","protected":false},"excerpt":{"rendered":"<p>La exposici\u00f3n est\u00e1 guiada por tres personajes, que muestran tres actitudes ante la vida: la Ciudadan\u00eda, consciente de los recursos limitados y \u00e1vida de conciencia cr\u00edtica; el Dormil\u00f3, que pasa de todo; y el Pensamiento \u00fanico, la mentalidad neoliberal. Estos personajes nos acompa\u00f1an a lo largo de los 12 paneles con la intenci\u00f3n de concienciar [&hellip;]<\/p>\n","protected":false},"author":3,"featured_media":0,"comment_status":"closed","ping_status":"closed","template":"","topic":[28],"formatproduct":[31],"class_list":{"0":"post-875","1":"product","2":"type-product","3":"status-publish","5":"topic-justicia-climatica-es","6":"formatproduct-publicaciones","7":"entry"},"acf":[],"_links":{"self":[{"href":"https:\/\/cruillesdevida.entrepobles.org\/es\/wp-json\/wp\/v2\/product\/875","targetHints":{"allow":["GET"]}}],"collection":[{"href":"https:\/\/cruillesdevida.entrepobles.org\/es\/wp-json\/wp\/v2\/product"}],"about":[{"href":"https:\/\/cruillesdevida.entrepobles.org\/es\/wp-json\/wp\/v2\/types\/product"}],"author":[{"embeddable":true,"href":"https:\/\/cruillesdevida.entrepobles.org\/es\/wp-json\/wp\/v2\/users\/3"}],"replies":[{"embeddable":true,"href":"https:\/\/cruillesdevida.entrepobles.org\/es\/wp-json\/wp\/v2\/comments?post=875"}],"version-history":[{"count":1,"href":"https:\/\/cruillesdevida.entrepobles.org\/es\/wp-json\/wp\/v2\/product\/875\/revisions"}],"predecessor-version":[{"id":876,"href":"https:\/\/cruillesdevida.entrepobles.org\/es\/wp-json\/wp\/v2\/product\/875\/revisions\/876"}],"wp:attachment":[{"href":"https:\/\/cruillesdevida.entrepobles.org\/es\/wp-json\/wp\/v2\/media?parent=875"}],"wp:term":[{"taxonomy":"topic","embeddable":true,"href":"https:\/\/cruillesdevida.entrepobles.org\/es\/wp-json\/wp\/v2\/topic?post=875"},{"taxonomy":"formatproduct","embeddable":true,"href":"https:\/\/cruillesdevida.entrepobles.org\/es\/wp-json\/wp\/v2\/formatproduct?post=875"}],"curies":[{"name":"wp","href":"https:\/\/api.w.org\/{rel}","templated":true}]}}