{"id":877,"date":"2022-07-01T15:25:22","date_gmt":"2022-07-01T13:25:22","guid":{"rendered":"https:\/\/cruillesdevida.entrepobles.org\/recurs\/las-mujeres-alimentan-al-mundo-soberania-alimentaria-en-defensa-de-la-vida-y-el-planeta\/"},"modified":"2023-03-21T10:34:01","modified_gmt":"2023-03-21T09:34:01","slug":"las-mujeres-alimentan-al-mundo-soberania-alimentaria-en-defensa-de-la-vida-y-el-planeta","status":"publish","type":"product","link":"https:\/\/cruillesdevida.entrepobles.org\/es\/recurso\/las-mujeres-alimentan-al-mundo-soberania-alimentaria-en-defensa-de-la-vida-y-el-planeta\/","title":{"rendered":"Las mujeres alimentan al mundo. Soberan\u00eda alimentaria en defensa de la vida y el planeta."},"content":{"rendered":"\n<p>En el camino de construir una propuesta de Soberan\u00eda Alimentaria deben quedarse atr\u00e1s los prejuicios sexistas y esta nueva visi\u00f3n del mundo debe incluir a las mujeres, sus necesidades y reivindicaciones.<\/p>\n\n\n\n<p>La publicaci\u00f3n de este libro reafirma el compromiso, acompa\u00f1amiento e implicaci\u00f3n en los procesos de empoderamiento de las mujeres campesinas e ind\u00edgenas y en la reivindicaci\u00f3n de sus derechos en la lucha por un mundo rural vivo sostenible y por la soberan\u00eda alimentaria.<\/p>\n","protected":false},"excerpt":{"rendered":"<p>En el camino de construir una propuesta de Soberan\u00eda Alimentaria deben quedarse atr\u00e1s los prejuicios sexistas y esta nueva visi\u00f3n del mundo debe incluir a las mujeres, sus necesidades y reivindicaciones. La publicaci\u00f3n de este libro reafirma el compromiso, acompa\u00f1amiento e implicaci\u00f3n en los procesos de empoderamiento de las mujeres campesinas e ind\u00edgenas y en [&hellip;]<\/p>\n","protected":false},"author":3,"featured_media":0,"comment_status":"closed","ping_status":"closed","template":"","topic":[27],"formatproduct":[31],"class_list":{"0":"post-877","1":"product","2":"type-product","3":"status-publish","5":"topic-feminismos","6":"formatproduct-publicaciones","7":"entry"},"acf":[],"_links":{"self":[{"href":"https:\/\/cruillesdevida.entrepobles.org\/es\/wp-json\/wp\/v2\/product\/877","targetHints":{"allow":["GET"]}}],"collection":[{"href":"https:\/\/cruillesdevida.entrepobles.org\/es\/wp-json\/wp\/v2\/product"}],"about":[{"href":"https:\/\/cruillesdevida.entrepobles.org\/es\/wp-json\/wp\/v2\/types\/product"}],"author":[{"embeddable":true,"href":"https:\/\/cruillesdevida.entrepobles.org\/es\/wp-json\/wp\/v2\/users\/3"}],"replies":[{"embeddable":true,"href":"https:\/\/cruillesdevida.entrepobles.org\/es\/wp-json\/wp\/v2\/comments?post=877"}],"version-history":[{"count":1,"href":"https:\/\/cruillesdevida.entrepobles.org\/es\/wp-json\/wp\/v2\/product\/877\/revisions"}],"predecessor-version":[{"id":920,"href":"https:\/\/cruillesdevida.entrepobles.org\/es\/wp-json\/wp\/v2\/product\/877\/revisions\/920"}],"wp:attachment":[{"href":"https:\/\/cruillesdevida.entrepobles.org\/es\/wp-json\/wp\/v2\/media?parent=877"}],"wp:term":[{"taxonomy":"topic","embeddable":true,"href":"https:\/\/cruillesdevida.entrepobles.org\/es\/wp-json\/wp\/v2\/topic?post=877"},{"taxonomy":"formatproduct","embeddable":true,"href":"https:\/\/cruillesdevida.entrepobles.org\/es\/wp-json\/wp\/v2\/formatproduct?post=877"}],"curies":[{"name":"wp","href":"https:\/\/api.w.org\/{rel}","templated":true}]}}