{"id":878,"date":"2022-07-01T15:23:53","date_gmt":"2022-07-01T13:23:53","guid":{"rendered":"https:\/\/cruillesdevida.entrepobles.org\/recurs\/los-tratados-de-la-ofensiva-neoliberal-contra-la-vida\/"},"modified":"2023-03-21T10:33:14","modified_gmt":"2023-03-21T09:33:14","slug":"los-tratados-de-la-ofensiva-neoliberal-contra-la-vida","status":"publish","type":"product","link":"https:\/\/cruillesdevida.entrepobles.org\/es\/recurso\/los-tratados-de-la-ofensiva-neoliberal-contra-la-vida\/","title":{"rendered":"Los tratados de la ofensiva neoliberal contra la vida"},"content":{"rendered":"\n<p>Este recurso es un suplemento dentro del medio de comunicaci\u00f3n La Directa donde explicamos el estudio realizado por Cristina Pina y Rosa Ortiz, autoras de \u00ab\u00bfA qui\u00e9n benefician los tratados de comercio e inversi\u00f3n? Un an\u00e1lisis con perspectiva feminista\u00bb, impulsado por las organizaciones Entrepueblos, Ingenier\u00eda sin Fronteras y Ecologistas en Acci\u00f3n en el marco de la campa\u00f1a No al TTIP, ZETA y TISA, ahora cambiada de nombre la campa\u00f1a \u00abNo a los Tratados de Comercio e Inversi\u00f3n (TCI)\u00bb para incluir los otros tratados en negociaci\u00f3n por parte de la Uni\u00f3n Europea (M\u00e9xico, Mercosur, Jap\u00f3n, Singapur, etc.)<\/p>\n","protected":false},"excerpt":{"rendered":"<p>Este recurso es un suplemento dentro del medio de comunicaci\u00f3n La Directa donde explicamos el estudio realizado por Cristina Pina y Rosa Ortiz, autoras de \u00ab\u00bfA qui\u00e9n benefician los tratados de comercio e inversi\u00f3n? Un an\u00e1lisis con perspectiva feminista\u00bb, impulsado por las organizaciones Entrepueblos, Ingenier\u00eda sin Fronteras y Ecologistas en Acci\u00f3n en el marco de [&hellip;]<\/p>\n","protected":false},"author":3,"featured_media":0,"comment_status":"closed","ping_status":"closed","template":"","topic":[27],"formatproduct":[31],"class_list":{"0":"post-878","1":"product","2":"type-product","3":"status-publish","5":"topic-feminismos","6":"formatproduct-publicaciones","7":"entry"},"acf":[],"_links":{"self":[{"href":"https:\/\/cruillesdevida.entrepobles.org\/es\/wp-json\/wp\/v2\/product\/878","targetHints":{"allow":["GET"]}}],"collection":[{"href":"https:\/\/cruillesdevida.entrepobles.org\/es\/wp-json\/wp\/v2\/product"}],"about":[{"href":"https:\/\/cruillesdevida.entrepobles.org\/es\/wp-json\/wp\/v2\/types\/product"}],"author":[{"embeddable":true,"href":"https:\/\/cruillesdevida.entrepobles.org\/es\/wp-json\/wp\/v2\/users\/3"}],"replies":[{"embeddable":true,"href":"https:\/\/cruillesdevida.entrepobles.org\/es\/wp-json\/wp\/v2\/comments?post=878"}],"version-history":[{"count":1,"href":"https:\/\/cruillesdevida.entrepobles.org\/es\/wp-json\/wp\/v2\/product\/878\/revisions"}],"predecessor-version":[{"id":919,"href":"https:\/\/cruillesdevida.entrepobles.org\/es\/wp-json\/wp\/v2\/product\/878\/revisions\/919"}],"wp:attachment":[{"href":"https:\/\/cruillesdevida.entrepobles.org\/es\/wp-json\/wp\/v2\/media?parent=878"}],"wp:term":[{"taxonomy":"topic","embeddable":true,"href":"https:\/\/cruillesdevida.entrepobles.org\/es\/wp-json\/wp\/v2\/topic?post=878"},{"taxonomy":"formatproduct","embeddable":true,"href":"https:\/\/cruillesdevida.entrepobles.org\/es\/wp-json\/wp\/v2\/formatproduct?post=878"}],"curies":[{"name":"wp","href":"https:\/\/api.w.org\/{rel}","templated":true}]}}