{"id":879,"date":"2022-07-01T15:23:17","date_gmt":"2022-07-01T13:23:17","guid":{"rendered":"https:\/\/cruillesdevida.entrepobles.org\/recurs\/ciudades-vivibles-desde-la-diversidad-que-la-habita\/"},"modified":"2023-03-21T10:32:22","modified_gmt":"2023-03-21T09:32:22","slug":"ciudades-vivibles-desde-la-diversidad-que-la-habita","status":"publish","type":"product","link":"https:\/\/cruillesdevida.entrepobles.org\/es\/recurso\/ciudades-vivibles-desde-la-diversidad-que-la-habita\/","title":{"rendered":"Ciudades vivibles desde la diversidad que la habita"},"content":{"rendered":"\n<p>Nace del viaje puesto en marcha por Entrepueblos en el a\u00f1o 2012 para explorar el camino que en los feminismos resumimos como \u00abponer la vida en el centro\u00bb o \u00abel buen vivir\u00bb. Con Ciudades vivibles se plantea una intervenci\u00f3n local el territorio-ciudad y lo que supone sentirlo, pensarlo, vivirlo y transformarlo desde el sostenimiento de la vida.<\/p>\n\n\n\n<p>Empezamos trabajando en torno a dos ejes: el contexto y la ciudad relacional. Y los ampliamos con la ciudad diversa, saludable, y geneal\u00f3gica. En el documental y el libro los encontrar\u00e1 desarrollados. De hecho, todo lo que ha surgido (y surgir\u00e1) en torno a Ciudades vivibles es una construcci\u00f3n colectiva: el libro, el documental, las jornadas, los acompa\u00f1amientos, talleres y actos.<\/p>\n","protected":false},"excerpt":{"rendered":"<p>Nace del viaje puesto en marcha por Entrepueblos en el a\u00f1o 2012 para explorar el camino que en los feminismos resumimos como \u00abponer la vida en el centro\u00bb o \u00abel buen vivir\u00bb. Con Ciudades vivibles se plantea una intervenci\u00f3n local el territorio-ciudad y lo que supone sentirlo, pensarlo, vivirlo y transformarlo desde el sostenimiento de [&hellip;]<\/p>\n","protected":false},"author":3,"featured_media":0,"comment_status":"closed","ping_status":"closed","template":"","topic":[27],"formatproduct":[31],"class_list":{"0":"post-879","1":"product","2":"type-product","3":"status-publish","5":"topic-feminismos","6":"formatproduct-publicaciones","7":"entry"},"acf":[],"_links":{"self":[{"href":"https:\/\/cruillesdevida.entrepobles.org\/es\/wp-json\/wp\/v2\/product\/879","targetHints":{"allow":["GET"]}}],"collection":[{"href":"https:\/\/cruillesdevida.entrepobles.org\/es\/wp-json\/wp\/v2\/product"}],"about":[{"href":"https:\/\/cruillesdevida.entrepobles.org\/es\/wp-json\/wp\/v2\/types\/product"}],"author":[{"embeddable":true,"href":"https:\/\/cruillesdevida.entrepobles.org\/es\/wp-json\/wp\/v2\/users\/3"}],"replies":[{"embeddable":true,"href":"https:\/\/cruillesdevida.entrepobles.org\/es\/wp-json\/wp\/v2\/comments?post=879"}],"version-history":[{"count":1,"href":"https:\/\/cruillesdevida.entrepobles.org\/es\/wp-json\/wp\/v2\/product\/879\/revisions"}],"predecessor-version":[{"id":918,"href":"https:\/\/cruillesdevida.entrepobles.org\/es\/wp-json\/wp\/v2\/product\/879\/revisions\/918"}],"wp:attachment":[{"href":"https:\/\/cruillesdevida.entrepobles.org\/es\/wp-json\/wp\/v2\/media?parent=879"}],"wp:term":[{"taxonomy":"topic","embeddable":true,"href":"https:\/\/cruillesdevida.entrepobles.org\/es\/wp-json\/wp\/v2\/topic?post=879"},{"taxonomy":"formatproduct","embeddable":true,"href":"https:\/\/cruillesdevida.entrepobles.org\/es\/wp-json\/wp\/v2\/formatproduct?post=879"}],"curies":[{"name":"wp","href":"https:\/\/api.w.org\/{rel}","templated":true}]}}