{"id":880,"date":"2022-07-01T15:21:28","date_gmt":"2022-07-01T13:21:28","guid":{"rendered":"https:\/\/cruillesdevida.entrepobles.org\/recurs\/economia-feminista-desafios-propuestas-y-alianzas\/"},"modified":"2023-03-21T10:31:17","modified_gmt":"2023-03-21T09:31:17","slug":"economia-feminista-desafios-propuestas-y-alianzas","status":"publish","type":"product","link":"https:\/\/cruillesdevida.entrepobles.org\/es\/recurso\/economia-feminista-desafios-propuestas-y-alianzas\/","title":{"rendered":"Econom\u00eda feminista: Desaf\u00edos, propuestas y alianzas"},"content":{"rendered":"\n<p>Este libro nace de la necesidad de apostar por nuevos enfoques que nos lleven a procesos emancipadores e incluyentes ante el llamado \u00abconflicto capital-vida\u00bb, explorando y recogiendo retos y desarrollos desde las diferentes aportaciones de la econom\u00eda feminista.<\/p>\n\n\n\n<p>Con \u00e9l queremos contribuir a la construcci\u00f3n de las diferentes soberan\u00edas sociales, como alternativas frente a la crisis global, desde la referencia de la econom\u00eda feminista desde las experiencias de los movimientos de mujeres imprescindibles en nuestro trabajo.<\/p>\n","protected":false},"excerpt":{"rendered":"<p>Este libro nace de la necesidad de apostar por nuevos enfoques que nos lleven a procesos emancipadores e incluyentes ante el llamado \u00abconflicto capital-vida\u00bb, explorando y recogiendo retos y desarrollos desde las diferentes aportaciones de la econom\u00eda feminista. Con \u00e9l queremos contribuir a la construcci\u00f3n de las diferentes soberan\u00edas sociales, como alternativas frente a la [&hellip;]<\/p>\n","protected":false},"author":3,"featured_media":0,"comment_status":"closed","ping_status":"closed","template":"","topic":[27],"formatproduct":[31],"class_list":{"0":"post-880","1":"product","2":"type-product","3":"status-publish","5":"topic-feminismos","6":"formatproduct-publicaciones","7":"entry"},"acf":[],"_links":{"self":[{"href":"https:\/\/cruillesdevida.entrepobles.org\/es\/wp-json\/wp\/v2\/product\/880","targetHints":{"allow":["GET"]}}],"collection":[{"href":"https:\/\/cruillesdevida.entrepobles.org\/es\/wp-json\/wp\/v2\/product"}],"about":[{"href":"https:\/\/cruillesdevida.entrepobles.org\/es\/wp-json\/wp\/v2\/types\/product"}],"author":[{"embeddable":true,"href":"https:\/\/cruillesdevida.entrepobles.org\/es\/wp-json\/wp\/v2\/users\/3"}],"replies":[{"embeddable":true,"href":"https:\/\/cruillesdevida.entrepobles.org\/es\/wp-json\/wp\/v2\/comments?post=880"}],"version-history":[{"count":1,"href":"https:\/\/cruillesdevida.entrepobles.org\/es\/wp-json\/wp\/v2\/product\/880\/revisions"}],"predecessor-version":[{"id":917,"href":"https:\/\/cruillesdevida.entrepobles.org\/es\/wp-json\/wp\/v2\/product\/880\/revisions\/917"}],"wp:attachment":[{"href":"https:\/\/cruillesdevida.entrepobles.org\/es\/wp-json\/wp\/v2\/media?parent=880"}],"wp:term":[{"taxonomy":"topic","embeddable":true,"href":"https:\/\/cruillesdevida.entrepobles.org\/es\/wp-json\/wp\/v2\/topic?post=880"},{"taxonomy":"formatproduct","embeddable":true,"href":"https:\/\/cruillesdevida.entrepobles.org\/es\/wp-json\/wp\/v2\/formatproduct?post=880"}],"curies":[{"name":"wp","href":"https:\/\/api.w.org\/{rel}","templated":true}]}}